{"id":901,"date":"2022-01-12T13:56:35","date_gmt":"2022-01-12T20:56:35","guid":{"rendered":"https:\/\/www.stanthonysdenver.org\/es\/?page_id=901"},"modified":"2025-10-09T09:31:40","modified_gmt":"2025-10-09T15:31:40","slug":"inicio","status":"publish","type":"page","link":"https:\/\/www.stanthonysdenver.org\/es\/","title":{"rendered":"Inicio"},"content":{"rendered":"\n<figure class=\"wp-block-image size-large\"><img data-attachment-id=\"1231\" data-permalink=\"https:\/\/www.stanthonysdenver.org\/es\/month-of-may-es\/\" data-orig-file=\"https:\/\/i1.wp.com\/www.stanthonysdenver.org\/es\/wp-content\/uploads\/sites\/2\/2023\/05\/Month-of-May-es.jpg?fit=850%2C316&amp;ssl=1\" data-orig-size=\"850,316\" data-comments-opened=\"0\" data-image-meta=\"{&quot;aperture&quot;:&quot;0&quot;,&quot;credit&quot;:&quot;&quot;,&quot;camera&quot;:&quot;&quot;,&quot;caption&quot;:&quot;&quot;,&quot;created_timestamp&quot;:&quot;0&quot;,&quot;copyright&quot;:&quot;&quot;,&quot;focal_length&quot;:&quot;0&quot;,&quot;iso&quot;:&quot;0&quot;,&quot;shutter_speed&quot;:&quot;0&quot;,&quot;title&quot;:&quot;&quot;,&quot;orientation&quot;:&quot;1&quot;}\" data-image-title=\"Month of May &#8211; es\" data-image-description=\"\" data-medium-file=\"https:\/\/i1.wp.com\/www.stanthonysdenver.org\/es\/wp-content\/uploads\/sites\/2\/2023\/05\/Month-of-May-es.jpg?fit=300%2C112&amp;ssl=1\" data-large-file=\"https:\/\/i1.wp.com\/www.stanthonysdenver.org\/es\/wp-content\/uploads\/sites\/2\/2023\/05\/Month-of-May-es.jpg?fit=525%2C195&amp;ssl=1\" src=\"\" alt=\"\" class=\"wp-image-1231\" \/><figcaption> <\/figcaption><\/figure>\n\n\n","protected":false},"excerpt":{"rendered":"","protected":false},"author":4,"featured_media":0,"parent":0,"menu_order":0,"comment_status":"closed","ping_status":"closed","template":"","meta":{"_mi_skip_tracking":false,"_exactmetrics_sitenote_active":false,"_exactmetrics_sitenote_note":"","_exactmetrics_sitenote_category":0,"ngg_post_thumbnail":0,"spay_email":""},"jetpack_sharing_enabled":true,"jetpack_shortlink":"https:\/\/wp.me\/P8P0id-ex","jetpack-related-posts":[{"id":165,"url":"https:\/\/www.stanthonysdenver.org\/es\/inicio\/inicio\/","url_meta":{"origin":901,"position":0},"title":"Inicio","date":"6 junio, 2017","format":false,"excerpt":"SeptiembreEl oto\u00f1o ya est\u00e1 aqu\u00ed y es hora de prepararse para el pr\u00f3ximo invierno. \u00a0 Bienvenidos a la Iglesia Cat\u00f3lica San Antonio de Padua. Le invitamos a mirar alrededor y tener una idea de nuestra iglesia. Como la primera iglesia, la Iglesia de San Antonio es una comunidad bicultural. En\u2026","rel":"","context":"Entrada similar ","img":{"alt_text":"","src":"https:\/\/i1.wp.com\/www.stanthonysdenver.org\/es\/wp-content\/uploads\/sites\/2\/2022\/09\/September2022-1.jpg?resize=350%2C200&ssl=1","width":350,"height":200},"classes":[]}],"_links":{"self":[{"href":"https:\/\/www.stanthonysdenver.org\/es\/wp-json\/wp\/v2\/pages\/901"}],"collection":[{"href":"https:\/\/www.stanthonysdenver.org\/es\/wp-json\/wp\/v2\/pages"}],"about":[{"href":"https:\/\/www.stanthonysdenver.org\/es\/wp-json\/wp\/v2\/types\/page"}],"author":[{"embeddable":true,"href":"https:\/\/www.stanthonysdenver.org\/es\/wp-json\/wp\/v2\/users\/4"}],"replies":[{"embeddable":true,"href":"https:\/\/www.stanthonysdenver.org\/es\/wp-json\/wp\/v2\/comments?post=901"}],"version-history":[{"count":52,"href":"https:\/\/www.stanthonysdenver.org\/es\/wp-json\/wp\/v2\/pages\/901\/revisions"}],"predecessor-version":[{"id":1267,"href":"https:\/\/www.stanthonysdenver.org\/es\/wp-json\/wp\/v2\/pages\/901\/revisions\/1267"}],"wp:attachment":[{"href":"https:\/\/www.stanthonysdenver.org\/es\/wp-json\/wp\/v2\/media?parent=901"}],"curies":[{"name":"wp","href":"https:\/\/api.w.org\/{rel}","templated":true}]}}