{"id":516,"date":"2020-03-19T16:34:17","date_gmt":"2020-03-19T22:34:17","guid":{"rendered":"http:\/\/www.stanthonysdenver.org\/es\/?page_id=516"},"modified":"2020-03-19T16:34:19","modified_gmt":"2020-03-19T22:34:19","slug":"boletin","status":"publish","type":"page","link":"https:\/\/www.stanthonysdenver.org\/es\/boletin\/","title":{"rendered":"Boletin"},"content":{"rendered":"\n<script type=\"text\/javascript\" src=\"https:\/\/widget.parishesonline.com\/publications?id=49b3750b31785a61225c3890d23171d175ccea83\"><\/script>\n","protected":false},"excerpt":{"rendered":"","protected":false},"author":1,"featured_media":0,"parent":0,"menu_order":0,"comment_status":"closed","ping_status":"closed","template":"","meta":{"_mi_skip_tracking":false,"_exactmetrics_sitenote_active":false,"_exactmetrics_sitenote_note":"","_exactmetrics_sitenote_category":0,"ngg_post_thumbnail":0,"spay_email":""},"jetpack_sharing_enabled":true,"jetpack_shortlink":"https:\/\/wp.me\/P8P0id-8k","jetpack-related-posts":[{"id":167,"url":"https:\/\/www.stanthonysdenver.org\/es\/contactenos\/","url_meta":{"origin":516,"position":0},"title":"Contactenos","date":"6 junio, 2017","format":false,"excerpt":"La direcci\u00f3n de la parroquia es St Anthony of Padua Catholic Church 3801 W Ohio Avenue Denver, CO 80219 Tel\u00e9fono:\u00a0 303-935-2431 Horas de Oficina Lunes: Cerrado Martes, Miercoles, Jueves y Viernes: 10:00am - 2:30pm Si tiene preguntas generales, puede comunicarse con nosotros por correo electr\u00f3nico a office@stanthonysdenver.org\u00a0 Una copia de\u2026","rel":"","context":"Entrada similar ","img":{"alt_text":"","src":"","width":0,"height":0},"classes":[]},{"id":106,"url":"https:\/\/www.stanthonysdenver.org\/es\/comunidad\/educacion-religiosa\/","url_meta":{"origin":516,"position":1},"title":"Educaci\u00f3n religiosa","date":"8 junio, 2017","format":false,"excerpt":"Educacion Religiosa 2018-19 Bienvenidos a la secci\u00f3n de la ofiina de educaci\u00f3n Religiosa. Aqui es donde encontrar\u00e1 informaci\u00f3n para usar en todo el programa de educaci\u00f3n Religiosa. Bolet\u00edn de la Iglesia: Por favor revise todos los Domingos para la pr\u00f3xima v\u00edspera y reuniones. Mal Tiempo: Durante el tiempo de invierno,\u2026","rel":"","context":"Entrada similar ","img":{"alt_text":"","src":"","width":0,"height":0},"classes":[]}],"_links":{"self":[{"href":"https:\/\/www.stanthonysdenver.org\/es\/wp-json\/wp\/v2\/pages\/516"}],"collection":[{"href":"https:\/\/www.stanthonysdenver.org\/es\/wp-json\/wp\/v2\/pages"}],"about":[{"href":"https:\/\/www.stanthonysdenver.org\/es\/wp-json\/wp\/v2\/types\/page"}],"author":[{"embeddable":true,"href":"https:\/\/www.stanthonysdenver.org\/es\/wp-json\/wp\/v2\/users\/1"}],"replies":[{"embeddable":true,"href":"https:\/\/www.stanthonysdenver.org\/es\/wp-json\/wp\/v2\/comments?post=516"}],"version-history":[{"count":1,"href":"https:\/\/www.stanthonysdenver.org\/es\/wp-json\/wp\/v2\/pages\/516\/revisions"}],"predecessor-version":[{"id":517,"href":"https:\/\/www.stanthonysdenver.org\/es\/wp-json\/wp\/v2\/pages\/516\/revisions\/517"}],"wp:attachment":[{"href":"https:\/\/www.stanthonysdenver.org\/es\/wp-json\/wp\/v2\/media?parent=516"}],"curies":[{"name":"wp","href":"https:\/\/api.w.org\/{rel}","templated":true}]}}