{"id":266,"date":"2017-06-09T11:09:43","date_gmt":"2017-06-09T17:09:43","guid":{"rendered":"http:\/\/www.stanthonysdenver.org\/es\/?page_id=266"},"modified":"2025-10-09T09:36:15","modified_gmt":"2025-10-09T15:36:15","slug":"blog","status":"publish","type":"page","link":"https:\/\/www.stanthonysdenver.org\/es\/blog\/","title":{"rendered":"Anuncios"},"content":{"rendered":"\n<h4><span style=\"color: #000000\">Misas Diarias<\/span><\/h4>\n<p><span style=\"color: #000000\"><img loading=\"lazy\" class=\"wp-image-1288\" src=\"https:\/\/i2.wp.com\/www.stanthonysdenver.org\/wp-content\/uploads\/2021\/05\/Body-and-wine.jpg?resize=119%2C128\" alt=\"\" width=\"119\" height=\"128\"  data-recalc-dims=\"1\"><br>&nbsp; &nbsp; &nbsp; Lunes &#8211; 8:00am (Ingl\u00e9s), 6:00pm (Espa\u00f1ol)<br>&nbsp; &nbsp; Martes &#8211; 8:00am (Ingl\u00e9s), 6:00pm (Espa\u00f1ol)<br>Mi\u00e9rcoles &#8211; 8:00am (Ingl\u00e9s), 6:00pm (Espa\u00f1ol)<br>&nbsp; &nbsp; &nbsp;Jueves &#8211; 8:00am (Ingl\u00e9s), 6:00pm (Espa\u00f1ol)<br>&nbsp; &nbsp; Viernes &#8211; 8:00am (Ingl\u00e9s), 6:00pm (Espa\u00f1ol)<br><br><\/span><\/p>\n<p><!--Next Section--><\/p>\n<h4><span style=\"color: #000000\">Misas de fin de semana<\/span><\/h4>\n<p><span style=\"color: #000000\">No hay misa el s\u00e1bado por la ma\u00f1ana.<br><br>S\u00e1bado &#8211; 4:30pm (Ingl\u00e9s) (Misa anticipada)<br><br>Domingo &#8211; 7:30am (Espa\u00f1ol)<br>Domingo &#8211; 9:30am (Ingl\u00e9s)<br>Domingo &#8211; 11:30am (Espa\u00f1ol)<br>Domingo &#8211; 1:30pm (Espa\u00f1ol)<br>Domingo &#8211; 5:00pm (Espa\u00f1ol)<br><br><\/span><\/p>\n<p><!--Next Section--><\/p>\n<h4><span style=\"color: #000000\">Tiempos de Confesi\u00f3n<\/span><\/h4>\n<p style=\"text-align: left\"><span style=\"color: #000000\"><img loading=\"lazy\" class=\"wp-image-1289\" src=\"https:\/\/i1.wp.com\/www.stanthonysdenver.org\/wp-content\/uploads\/2021\/05\/confession3.jpg?resize=77%2C92\" alt=\"\" width=\"77\" height=\"92\"  data-recalc-dims=\"1\"><br>&nbsp; &nbsp; &nbsp; Lunes &#8211; 5:30pm&nbsp;<br>&nbsp; &nbsp; Martes &#8211; 5:30pm&nbsp;<br>Mi\u00e9rcoles &#8211; 6:00pm<br>&nbsp; &nbsp; &nbsp;Jueves &#8211; 6:00pm<br>&nbsp; &nbsp;Viernes &#8211; 5:30pm<br>&nbsp; &nbsp;S\u00e1bado &#8211; 3:30pm &#8211; 4:30p.m<br><br><\/span><\/p>\n","protected":false},"excerpt":{"rendered":"<p>Misas Diarias &nbsp; &nbsp; &nbsp; Lunes &#8211; 8:00am (Ingl\u00e9s), 6:00pm (Espa\u00f1ol)&nbsp; &nbsp; Martes &#8211; 8:00am (Ingl\u00e9s), 6:00pm (Espa\u00f1ol)Mi\u00e9rcoles &#8211; 8:00am (Ingl\u00e9s), 6:00pm (Espa\u00f1ol)&nbsp; &nbsp; &nbsp;Jueves &#8211; 8:00am (Ingl\u00e9s), 6:00pm (Espa\u00f1ol)&nbsp; &nbsp; Viernes &#8211; 8:00am (Ingl\u00e9s), 6:00pm (Espa\u00f1ol) Misas de fin de semana No hay misa el s\u00e1bado por la ma\u00f1ana. S\u00e1bado &#8211; 4:30pm (Ingl\u00e9s) (Misa &hellip; <\/p>\n<p class=\"link-more\"><a href=\"https:\/\/www.stanthonysdenver.org\/es\/blog\/\" class=\"more-link\">Continuar leyendo<span class=\"screen-reader-text\"> &#8220;Anuncios&#8221;<\/span><\/a><\/p>\n","protected":false},"author":1,"featured_media":0,"parent":0,"menu_order":0,"comment_status":"closed","ping_status":"closed","template":"","meta":{"_mi_skip_tracking":false,"_exactmetrics_sitenote_active":false,"_exactmetrics_sitenote_note":"","_exactmetrics_sitenote_category":0,"ngg_post_thumbnail":0,"spay_email":""},"jetpack_sharing_enabled":true,"jetpack_shortlink":"https:\/\/wp.me\/P8P0id-4i","jetpack-related-posts":[{"id":106,"url":"https:\/\/www.stanthonysdenver.org\/es\/comunidad\/educacion-religiosa\/","url_meta":{"origin":266,"position":0},"title":"Educaci\u00f3n religiosa","date":"8 junio, 2017","format":false,"excerpt":"Educacion Religiosa 2018-19 Bienvenidos a la secci\u00f3n de la ofiina de educaci\u00f3n Religiosa. Aqui es donde encontrar\u00e1 informaci\u00f3n para usar en todo el programa de educaci\u00f3n Religiosa. Bolet\u00edn de la Iglesia: Por favor revise todos los Domingos para la pr\u00f3xima v\u00edspera y reuniones. Mal Tiempo: Durante el tiempo de invierno,\u2026","rel":"","context":"Entrada similar ","img":{"alt_text":"","src":"","width":0,"height":0},"classes":[]},{"id":132,"url":"https:\/\/www.stanthonysdenver.org\/es\/comunidad\/grupos\/comunicaciones\/","url_meta":{"origin":266,"position":1},"title":"Comunicaciones","date":"8 junio, 2017","format":false,"excerpt":"Oraci\u00f3n a San Gabriel - Patrona de los Trabajadores de la Comunicaci\u00f3n. \"Oh Dios, que de entre todos tus \u00e1ngeles escogiste al Arc\u00e1ngel Gabriel para anunciar el misterio de la Encarnaci\u00f3n, concede misericordiosamente que nosotros que proclamamos el mensaje de tu Evangelio en la tierra, podamos sentir el beneficio de\u2026","rel":"","context":"Entrada similar ","img":{"alt_text":"","src":"","width":0,"height":0},"classes":[]},{"id":147,"url":"https:\/\/www.stanthonysdenver.org\/es\/comunidad\/grupos\/respeta-la-vida\/","url_meta":{"origin":266,"position":2},"title":"Respeta la vida","date":"8 junio, 2017","format":false,"excerpt":"Respeta la vida \"Jes\u00fas, Mar\u00eda y Jos\u00e9, te amo mucho. Os ruego que perdon\u00e9is la vida de [el nombre del beb\u00e9] al feto que he adoptado espiritualmente y que est\u00e1 en peligro de abortar \". - Oraci\u00f3n del Arzobispo Fulton J. Sheen Defender a los inocentes Respeto El trabajo de\u2026","rel":"","context":"Entrada similar ","img":{"alt_text":"","src":"","width":0,"height":0},"classes":[]},{"id":167,"url":"https:\/\/www.stanthonysdenver.org\/es\/contactenos\/","url_meta":{"origin":266,"position":3},"title":"Contactenos","date":"6 junio, 2017","format":false,"excerpt":"La direcci\u00f3n de la parroquia es St Anthony of Padua Catholic Church 3801 W Ohio Avenue Denver, CO 80219 Tel\u00e9fono:\u00a0 303-935-2431 Horas de Oficina Lunes: Cerrado Martes, Miercoles, Jueves y Viernes: 10:00am - 2:30pm Si tiene preguntas generales, puede comunicarse con nosotros por correo electr\u00f3nico a office@stanthonysdenver.org\u00a0 Una copia de\u2026","rel":"","context":"Entrada similar ","img":{"alt_text":"","src":"","width":0,"height":0},"classes":[]},{"id":109,"url":"https:\/\/www.stanthonysdenver.org\/es\/comunidad\/ministerios\/banco-de-alimentos-de-san-antonio\/","url_meta":{"origin":266,"position":4},"title":"Banco de alimentos de San Antonio","date":"8 junio, 2017","format":false,"excerpt":"Nuestro Banco de Comida esta abierto en los siguientes dias:Todos los martes de 9:00am - 11:00 am.Todos los viernes de 9:00am - 11:00 am. Traiga consigo un identificacion con foto y comprobante de domicilio.","rel":"","context":"Entrada similar ","img":{"alt_text":"","src":"https:\/\/i0.wp.com\/www.stanthonysdenver.org\/es\/wp-content\/uploads\/sites\/2\/2025\/10\/St.-Anthony-of-Padua.jpg?resize=350%2C200&ssl=1","width":350,"height":200},"classes":[]},{"id":280,"url":"https:\/\/www.stanthonysdenver.org\/es\/comunidad\/ministerios\/ministerio-a-domicilio\/","url_meta":{"origin":266,"position":5},"title":"Ministerio a domicilio","date":"9 junio, 2017","format":false,"excerpt":"\"Ellos responder\u00e1n y dir\u00e1n: 'Se\u00f1or, \u00bfcu\u00e1ndo te vimos hambriento o sediento, o un extra\u00f1o, o desnudo, enfermo o en la c\u00e1rcel, y no servimos a tus necesidades?' \u00c9l les responder\u00e1: 'Am\u00e9n, les digo que lo que ustedes no hicieron por uno de estos m\u00e1s peque\u00f1os, no lo hicieron por m\u00ed'\u2026","rel":"","context":"Entrada similar ","img":{"alt_text":"","src":"","width":0,"height":0},"classes":[]}],"_links":{"self":[{"href":"https:\/\/www.stanthonysdenver.org\/es\/wp-json\/wp\/v2\/pages\/266"}],"collection":[{"href":"https:\/\/www.stanthonysdenver.org\/es\/wp-json\/wp\/v2\/pages"}],"about":[{"href":"https:\/\/www.stanthonysdenver.org\/es\/wp-json\/wp\/v2\/types\/page"}],"author":[{"embeddable":true,"href":"https:\/\/www.stanthonysdenver.org\/es\/wp-json\/wp\/v2\/users\/1"}],"replies":[{"embeddable":true,"href":"https:\/\/www.stanthonysdenver.org\/es\/wp-json\/wp\/v2\/comments?post=266"}],"version-history":[{"count":260,"href":"https:\/\/www.stanthonysdenver.org\/es\/wp-json\/wp\/v2\/pages\/266\/revisions"}],"predecessor-version":[{"id":1261,"href":"https:\/\/www.stanthonysdenver.org\/es\/wp-json\/wp\/v2\/pages\/266\/revisions\/1261"}],"wp:attachment":[{"href":"https:\/\/www.stanthonysdenver.org\/es\/wp-json\/wp\/v2\/media?parent=266"}],"curies":[{"name":"wp","href":"https:\/\/api.w.org\/{rel}","templated":true}]}}