{"id":167,"date":"2017-06-06T17:31:32","date_gmt":"2017-06-06T17:31:32","guid":{"rendered":"http:\/\/www.stanthonysdenver.org\/?page_id=10"},"modified":"2025-10-23T10:04:02","modified_gmt":"2025-10-23T16:04:02","slug":"contactenos","status":"publish","type":"page","link":"https:\/\/www.stanthonysdenver.org\/es\/contactenos\/","title":{"rendered":"Contactenos"},"content":{"rendered":"<p>La direcci\u00f3n de la parroquia es<\/p>\n<p>St Anthony of Padua Catholic Church<br \/>\n3801 W Ohio Avenue<br \/>\nDenver, CO 80219<\/p>\n<p>Tel\u00e9fono:&nbsp; 303-935-2431<\/p>\n<p><strong>Horas de Oficina<\/strong><\/p>\n<ul>\n<li>Lunes: Cerrado<\/li>\n<li>Martes, Miercoles, Jueves y Viernes: 10:00am &#8211; 2:30pm<\/li>\n<\/ul>\n<p>Si tiene preguntas generales, puede comunicarse con nosotros por correo electr\u00f3nico a<\/p>\n<p>office@stanthonysdenver.org&nbsp;<\/p>\n<p>Una copia de nuestro \u00faltimo bolet\u00edn se puede encontrar en<\/p>\n<p><a href=\"http:\/\/www.parishesonline.com\/find\/st-anthony-of-padua-church-80219#download-latest\" target=\"_blank\" rel=\"nofollow noopener noreferrer\">www.parishesonline.com<\/a><\/p>\n<p>&nbsp;<\/p>\n<div id=\"wpgmza_map\" class=\"wpgmza_map\" data-settings='{\"id\":\"1\",\"map_title\":\"My first map\",\"map_width\":\"100\",\"map_height\":\"400\",\"map_start_lat\":\"39.703271\",\"map_start_lng\":\"-105.037004\",\"map_start_location\":\"39.70327086020144,-105.03700375551489\",\"map_start_zoom\":\"17\",\"default_marker\":\"0\",\"type\":\"1\",\"alignment\":\"1\",\"directions_enabled\":\"1\",\"styling_enabled\":\"0\",\"styling_json\":\"\",\"active\":\"0\",\"kml\":\"\",\"bicycle\":\"0\",\"traffic\":\"0\",\"dbox\":\"1\",\"dbox_width\":\"100\",\"listmarkers\":\"0\",\"listmarkers_advanced\":\"0\",\"filterbycat\":\"0\",\"ugm_enabled\":\"0\",\"ugm_category_enabled\":\"0\",\"fusion\":\"\",\"map_width_type\":\"\\\\%\",\"map_height_type\":\"px\",\"mass_marker_support\":\"1\",\"ugm_access\":\"0\",\"order_markers_by\":\"1\",\"order_markers_choice\":\"2\",\"show_user_location\":\"0\",\"default_to\":\"\",\"other_settings\":{\"store_locator_enabled\":2,\"store_locator_distance\":2,\"store_locator_bounce\":1,\"store_locator_query_string\":\"ZIP \\\/ Address:\",\"store_locator_default_address\":\"\",\"wpgmza_store_locator_restrict\":\"\",\"map_max_zoom\":\"1\",\"transport_layer\":0,\"wpgmza_theme_data\":\"[{\\\\\\\"featureType\\\\\\\":\\\\\\\"administrative\\\\\\\",\\\\\\\"stylers\\\\\\\":[{\\\\\\\"visibility\\\\\\\":\\\\\\\"off\\\\\\\"}]},{\\\\\\\"featureType\\\\\\\":\\\\\\\"poi\\\\\\\",\\\\\\\"stylers\\\\\\\":[{\\\\\\\"visibility\\\\\\\":\\\\\\\"simplified\\\\\\\"}]},{\\\\\\\"featureType\\\\\\\":\\\\\\\"road\\\\\\\",\\\\\\\"elementType\\\\\\\":\\\\\\\"labels\\\\\\\",\\\\\\\"stylers\\\\\\\":[{\\\\\\\"visibility\\\\\\\":\\\\\\\"simplified\\\\\\\"}]},{\\\\\\\"featureType\\\\\\\":\\\\\\\"water\\\\\\\",\\\\\\\"stylers\\\\\\\":[{\\\\\\\"visibility\\\\\\\":\\\\\\\"simplified\\\\\\\"}]},{\\\\\\\"featureType\\\\\\\":\\\\\\\"transit\\\\\\\",\\\\\\\"stylers\\\\\\\":[{\\\\\\\"visibility\\\\\\\":\\\\\\\"simplified\\\\\\\"}]},{\\\\\\\"featureType\\\\\\\":\\\\\\\"landscape\\\\\\\",\\\\\\\"stylers\\\\\\\":[{\\\\\\\"visibility\\\\\\\":\\\\\\\"simplified\\\\\\\"}]},{\\\\\\\"featureType\\\\\\\":\\\\\\\"road.highway\\\\\\\",\\\\\\\"stylers\\\\\\\":[{\\\\\\\"visibility\\\\\\\":\\\\\\\"off\\\\\\\"}]},{\\\\\\\"featureType\\\\\\\":\\\\\\\"road.local\\\\\\\",\\\\\\\"stylers\\\\\\\":[{\\\\\\\"visibility\\\\\\\":\\\\\\\"on\\\\\\\"}]},{\\\\\\\"featureType\\\\\\\":\\\\\\\"road.highway\\\\\\\",\\\\\\\"elementType\\\\\\\":\\\\\\\"geometry\\\\\\\",\\\\\\\"stylers\\\\\\\":[{\\\\\\\"visibility\\\\\\\":\\\\\\\"on\\\\\\\"}]},{\\\\\\\"featureType\\\\\\\":\\\\\\\"water\\\\\\\",\\\\\\\"stylers\\\\\\\":[{\\\\\\\"color\\\\\\\":\\\\\\\"#84afa3\\\\\\\"},{\\\\\\\"lightness\\\\\\\":52}]},{\\\\\\\"stylers\\\\\\\":[{\\\\\\\"saturation\\\\\\\":-17},{\\\\\\\"gamma\\\\\\\":0.36}]},{\\\\\\\"featureType\\\\\\\":\\\\\\\"transit.line\\\\\\\",\\\\\\\"elementType\\\\\\\":\\\\\\\"geometry\\\\\\\",\\\\\\\"stylers\\\\\\\":[{\\\\\\\"color\\\\\\\":\\\\\\\"#3f518c\\\\\\\"}]}]\",\"wpgmza_theme_selection\":8}}' data-map-id='1' Data-maps-engine='' data-shortcode-attributes='{\"id\":\"1\"}' style=\"display:block; overflow:auto; width:100%; height:400px; float:left;\"><\/div>\n","protected":false},"excerpt":{"rendered":"<p>La direcci\u00f3n de la parroquia es St Anthony of Padua Catholic Church 3801 W Ohio Avenue Denver, CO 80219 Tel\u00e9fono:&nbsp; 303-935-2431 Horas de Oficina Lunes: Cerrado Martes, Miercoles, Jueves y Viernes: 10:00am &#8211; 2:30pm Si tiene preguntas generales, puede comunicarse con nosotros por correo electr\u00f3nico a office@stanthonysdenver.org&nbsp; Una copia de nuestro \u00faltimo bolet\u00edn se puede &hellip; <\/p>\n<p class=\"link-more\"><a href=\"https:\/\/www.stanthonysdenver.org\/es\/contactenos\/\" class=\"more-link\">Continuar leyendo<span class=\"screen-reader-text\"> &#8220;Contactenos&#8221;<\/span><\/a><\/p>\n","protected":false},"author":1,"featured_media":0,"parent":0,"menu_order":0,"comment_status":"closed","ping_status":"closed","template":"","meta":{"_mi_skip_tracking":false,"_exactmetrics_sitenote_active":false,"_exactmetrics_sitenote_note":"","_exactmetrics_sitenote_category":0,"ngg_post_thumbnail":0,"spay_email":""},"jetpack_sharing_enabled":true,"jetpack_shortlink":"https:\/\/wp.me\/P8P0id-2H","jetpack-related-posts":[{"id":280,"url":"https:\/\/www.stanthonysdenver.org\/es\/comunidad\/ministerios\/ministerio-a-domicilio\/","url_meta":{"origin":167,"position":0},"title":"Ministerio a domicilio","date":"9 junio, 2017","format":false,"excerpt":"\"Ellos responder\u00e1n y dir\u00e1n: 'Se\u00f1or, \u00bfcu\u00e1ndo te vimos hambriento o sediento, o un extra\u00f1o, o desnudo, enfermo o en la c\u00e1rcel, y no servimos a tus necesidades?' \u00c9l les responder\u00e1: 'Am\u00e9n, les digo que lo que ustedes no hicieron por uno de estos m\u00e1s peque\u00f1os, no lo hicieron por m\u00ed'\u2026","rel":"","context":"Entrada similar ","img":{"alt_text":"","src":"","width":0,"height":0},"classes":[]},{"id":147,"url":"https:\/\/www.stanthonysdenver.org\/es\/comunidad\/grupos\/respeta-la-vida\/","url_meta":{"origin":167,"position":1},"title":"Respeta la vida","date":"8 junio, 2017","format":false,"excerpt":"Respeta la vida \"Jes\u00fas, Mar\u00eda y Jos\u00e9, te amo mucho. Os ruego que perdon\u00e9is la vida de [el nombre del beb\u00e9] al feto que he adoptado espiritualmente y que est\u00e1 en peligro de abortar \". - Oraci\u00f3n del Arzobispo Fulton J. Sheen Defender a los inocentes Respeto El trabajo de\u2026","rel":"","context":"Entrada similar ","img":{"alt_text":"","src":"","width":0,"height":0},"classes":[]},{"id":140,"url":"https:\/\/www.stanthonysdenver.org\/es\/comunidad\/grupos\/consejo-de-los-caballeros-de-colon-4796\/","url_meta":{"origin":167,"position":2},"title":"Consejo de los Caballeros de Col\u00f3n 4796","date":"8 junio, 2017","format":false,"excerpt":"Qu\u00e9 Hacemos \u00bfUsted y su familia han visto alguna vez la transmisi\u00f3n de la misa de medianoche del Papa Juan Pablo II en la Bas\u00edlica de San Pedro en Roma en Nochebuena? Bueno, los Caballeros de Col\u00f3n son la organizaci\u00f3n que suscribe los costos de radiodifusi\u00f3n televisiva desde el Vaticano,\u2026","rel":"","context":"Entrada similar ","img":{"alt_text":"","src":"","width":0,"height":0},"classes":[]}],"_links":{"self":[{"href":"https:\/\/www.stanthonysdenver.org\/es\/wp-json\/wp\/v2\/pages\/167"}],"collection":[{"href":"https:\/\/www.stanthonysdenver.org\/es\/wp-json\/wp\/v2\/pages"}],"about":[{"href":"https:\/\/www.stanthonysdenver.org\/es\/wp-json\/wp\/v2\/types\/page"}],"author":[{"embeddable":true,"href":"https:\/\/www.stanthonysdenver.org\/es\/wp-json\/wp\/v2\/users\/1"}],"replies":[{"embeddable":true,"href":"https:\/\/www.stanthonysdenver.org\/es\/wp-json\/wp\/v2\/comments?post=167"}],"version-history":[{"count":6,"href":"https:\/\/www.stanthonysdenver.org\/es\/wp-json\/wp\/v2\/pages\/167\/revisions"}],"predecessor-version":[{"id":1268,"href":"https:\/\/www.stanthonysdenver.org\/es\/wp-json\/wp\/v2\/pages\/167\/revisions\/1268"}],"wp:attachment":[{"href":"https:\/\/www.stanthonysdenver.org\/es\/wp-json\/wp\/v2\/media?parent=167"}],"curies":[{"name":"wp","href":"https:\/\/api.w.org\/{rel}","templated":true}]}}