{"id":166,"date":"2017-06-06T17:31:32","date_gmt":"2017-06-06T17:31:32","guid":{"rendered":"http:\/\/www.stanthonysdenver.org\/?page_id=9"},"modified":"2025-10-09T09:34:00","modified_gmt":"2025-10-09T15:34:00","slug":"directorio","status":"publish","type":"page","link":"https:\/\/www.stanthonysdenver.org\/es\/directorio\/","title":{"rendered":"Directorio"},"content":{"rendered":"\n<div class=\"wp-block-group\"><div class=\"wp-block-group__inner-container\">\n<div class=\"wp-block-columns\">\n<div class=\"wp-block-column\" style=\"flex-basis:100%\">\n<figure id=\"goog-ws-list-table\" class=\"wp-block-table sites-table goog-ws-list-table\"><table><tbody><tr><td>Padre Arturo Chagala<\/td><td>Pastor<\/td><td>303-935-2431 x3010<\/td><td><span style=\"color: #3366ff\"><a style=\"color: #3366ff\" href=\"mailto:fr.chagala@stanthonysdenver.org\">P.Chagala@stanthonysdenver.org <\/a><\/span><\/td><\/tr><tr><td>Padre Miljenko Pavkovic<\/td><td>Vicario Parroquial<\/td><td>303-935-2431 x3009<\/td><td><span style=\"color: #3366ff\"><a style=\"color: #3366ff\" href=\"mailto:fr.pavkovic@stanthonysdenver.org\">P.Pavkovic@stanthonysdenver.org <\/a><\/span><\/td><\/tr><tr><td>Padre Peter Urban<\/td><td>Sacerdote jubilado<\/td><td>303-935-2431 x3000 <\/td><td><span style=\"color: #3366ff\"><a style=\"color: #3366ff\" href=\"mailto:peter-urban@comcast.net\">P. Peter-Urban@comcast.net<\/a><\/span><\/td><\/tr>\n<tr><td>Monica<\/td><td>Oficina<\/td><td>303-935-2431 x3001 <\/td><td><span style=\"color: #3366ff\">office@stanthonysdenver.org<\/span><\/td><\/tr><tr><td> <\/td><td> <\/td><td> <\/td><td><span style=\"color: #3366ff\"><a style=\"color: #3366ff\"> <\/a><\/span><\/td><\/tr><tr><td> <\/td><td> <\/td><td> <\/td><td><\/td><\/tr><\/tbody><\/table><\/figure>\n<\/div>\n<\/div>\n<\/div><\/div>\n","protected":false},"excerpt":{"rendered":"","protected":false},"author":1,"featured_media":0,"parent":0,"menu_order":0,"comment_status":"closed","ping_status":"closed","template":"","meta":{"_mi_skip_tracking":false,"_exactmetrics_sitenote_active":false,"_exactmetrics_sitenote_note":"","_exactmetrics_sitenote_category":0,"ngg_post_thumbnail":0,"spay_email":""},"jetpack_sharing_enabled":true,"jetpack_shortlink":"https:\/\/wp.me\/P8P0id-2G","jetpack-related-posts":[{"id":167,"url":"https:\/\/www.stanthonysdenver.org\/es\/contactenos\/","url_meta":{"origin":166,"position":0},"title":"Contactenos","date":"6 junio, 2017","format":false,"excerpt":"La direcci\u00f3n de la parroquia es St Anthony of Padua Catholic Church 3801 W Ohio Avenue Denver, CO 80219 Tel\u00e9fono:\u00a0 303-935-2431 Horas de Oficina Lunes: Cerrado Martes, Miercoles, Jueves y Viernes: 10:00am - 2:30pm Si tiene preguntas generales, puede comunicarse con nosotros por correo electr\u00f3nico a office@stanthonysdenver.org\u00a0 Una copia de\u2026","rel":"","context":"Entrada similar ","img":{"alt_text":"","src":"","width":0,"height":0},"classes":[]},{"id":106,"url":"https:\/\/www.stanthonysdenver.org\/es\/comunidad\/educacion-religiosa\/","url_meta":{"origin":166,"position":1},"title":"Educaci\u00f3n religiosa","date":"8 junio, 2017","format":false,"excerpt":"Educacion Religiosa 2018-19 Bienvenidos a la secci\u00f3n de la ofiina de educaci\u00f3n Religiosa. Aqui es donde encontrar\u00e1 informaci\u00f3n para usar en todo el programa de educaci\u00f3n Religiosa. Bolet\u00edn de la Iglesia: Por favor revise todos los Domingos para la pr\u00f3xima v\u00edspera y reuniones. Mal Tiempo: Durante el tiempo de invierno,\u2026","rel":"","context":"Entrada similar ","img":{"alt_text":"","src":"","width":0,"height":0},"classes":[]},{"id":132,"url":"https:\/\/www.stanthonysdenver.org\/es\/comunidad\/grupos\/comunicaciones\/","url_meta":{"origin":166,"position":2},"title":"Comunicaciones","date":"8 junio, 2017","format":false,"excerpt":"Oraci\u00f3n a San Gabriel - Patrona de los Trabajadores de la Comunicaci\u00f3n. \"Oh Dios, que de entre todos tus \u00e1ngeles escogiste al Arc\u00e1ngel Gabriel para anunciar el misterio de la Encarnaci\u00f3n, concede misericordiosamente que nosotros que proclamamos el mensaje de tu Evangelio en la tierra, podamos sentir el beneficio de\u2026","rel":"","context":"Entrada similar ","img":{"alt_text":"","src":"","width":0,"height":0},"classes":[]},{"id":164,"url":"https:\/\/www.stanthonysdenver.org\/es\/clero-y-seminaristas\/","url_meta":{"origin":166,"position":3},"title":"Clero y seminaristas","date":"6 junio, 2017","format":false,"excerpt":"Actualmente, nuestra parroquia es atendida por tres sacerdotes y un di\u00e1cono. Ven y con\u00f3celos mejor. Padre Arturo Chagala - Pastor (Esta informaci\u00f3n a\u00fan no ha sido proporcionada). Padre Miljenko Pavkovic - Vicario (Esta informaci\u00f3n a\u00fan no ha sido proporcionada). Padre Pedro Urban - Jubilado Hay dos palabras que el padre\u2026","rel":"","context":"Entrada similar ","img":{"alt_text":"","src":"https:\/\/i0.wp.com\/www.stanthonysdenver.org\/es\/wp-content\/uploads\/sites\/2\/2022\/08\/Arturo-300x300-1.jpg?resize=350%2C200","width":350,"height":200},"classes":[]},{"id":122,"url":"https:\/\/www.stanthonysdenver.org\/es\/comunidad\/grupos\/","url_meta":{"origin":166,"position":4},"title":"Grupos","date":"8 junio, 2017","format":false,"excerpt":"\"Somos el Cuerpo de Cristo\" La comunidad est\u00e1 en el coraz\u00f3n de Dios. Como cristianos creemos que Dios es trinitario - Padre, Hijo y Esp\u00edritu Santo, y son las relaciones entre las tres personas de la Sant\u00edsima Trinidad las que nos llaman en relaci\u00f3n mutua. Una de las maneras en\u2026","rel":"","context":"Entrada similar ","img":{"alt_text":"","src":"","width":0,"height":0},"classes":[]},{"id":901,"url":"https:\/\/www.stanthonysdenver.org\/es\/","url_meta":{"origin":166,"position":5},"title":"Inicio","date":"12 enero, 2022","format":false,"excerpt":"","rel":"","context":"Entrada similar ","img":{"alt_text":"","src":"https:\/\/i1.wp.com\/www.stanthonysdenver.org\/es\/wp-content\/uploads\/sites\/2\/2023\/05\/Month-of-May-es.jpg?resize=350%2C200&ssl=1","width":350,"height":200},"classes":[]}],"_links":{"self":[{"href":"https:\/\/www.stanthonysdenver.org\/es\/wp-json\/wp\/v2\/pages\/166"}],"collection":[{"href":"https:\/\/www.stanthonysdenver.org\/es\/wp-json\/wp\/v2\/pages"}],"about":[{"href":"https:\/\/www.stanthonysdenver.org\/es\/wp-json\/wp\/v2\/types\/page"}],"author":[{"embeddable":true,"href":"https:\/\/www.stanthonysdenver.org\/es\/wp-json\/wp\/v2\/users\/1"}],"replies":[{"embeddable":true,"href":"https:\/\/www.stanthonysdenver.org\/es\/wp-json\/wp\/v2\/comments?post=166"}],"version-history":[{"count":36,"href":"https:\/\/www.stanthonysdenver.org\/es\/wp-json\/wp\/v2\/pages\/166\/revisions"}],"predecessor-version":[{"id":1260,"href":"https:\/\/www.stanthonysdenver.org\/es\/wp-json\/wp\/v2\/pages\/166\/revisions\/1260"}],"wp:attachment":[{"href":"https:\/\/www.stanthonysdenver.org\/es\/wp-json\/wp\/v2\/media?parent=166"}],"curies":[{"name":"wp","href":"https:\/\/api.w.org\/{rel}","templated":true}]}}