{"id":164,"date":"2017-06-06T17:27:05","date_gmt":"2017-06-06T23:27:05","guid":{"rendered":"http:\/\/www.stanthonysdenver.org\/?page_id=2"},"modified":"2025-09-18T16:37:09","modified_gmt":"2025-09-18T22:37:09","slug":"clero-y-seminaristas","status":"publish","type":"page","link":"https:\/\/www.stanthonysdenver.org\/es\/clero-y-seminaristas\/","title":{"rendered":"Clero y seminaristas"},"content":{"rendered":"<p>Actualmente, nuestra parroquia es atendida por tres sacerdotes y un di\u00e1cono. Ven y con\u00f3celos mejor.<\/p>\n<hr>\n<p><img data-attachment-id=\"1093\" data-permalink=\"https:\/\/www.stanthonysdenver.org\/es\/clero-y-seminaristas\/arturo-300x300\/\" data-orig-file=\"https:\/\/i0.wp.com\/www.stanthonysdenver.org\/es\/wp-content\/uploads\/sites\/2\/2022\/08\/Arturo-300x300-1.jpg?fit=300%2C300&amp;ssl=1\" data-orig-size=\"300,300\" data-comments-opened=\"0\" data-image-meta=\"{&quot;aperture&quot;:&quot;0&quot;,&quot;credit&quot;:&quot;&quot;,&quot;camera&quot;:&quot;&quot;,&quot;caption&quot;:&quot;&quot;,&quot;created_timestamp&quot;:&quot;0&quot;,&quot;copyright&quot;:&quot;&quot;,&quot;focal_length&quot;:&quot;0&quot;,&quot;iso&quot;:&quot;0&quot;,&quot;shutter_speed&quot;:&quot;0&quot;,&quot;title&quot;:&quot;&quot;,&quot;orientation&quot;:&quot;1&quot;}\" data-image-title=\"Arturo-300&#215;300\" data-image-description=\"\" data-medium-file=\"https:\/\/i0.wp.com\/www.stanthonysdenver.org\/es\/wp-content\/uploads\/sites\/2\/2022\/08\/Arturo-300x300-1.jpg?fit=300%2C300&amp;ssl=1\" data-large-file=\"https:\/\/i0.wp.com\/www.stanthonysdenver.org\/es\/wp-content\/uploads\/sites\/2\/2022\/08\/Arturo-300x300-1.jpg?fit=300%2C300&amp;ssl=1\" loading=\"lazy\" class=\"alignnone wp-image-1093 size-full\" src=\"https:\/\/i0.wp.com\/www.stanthonysdenver.org\/es\/wp-content\/uploads\/sites\/2\/2022\/08\/Arturo-300x300-1.jpg?resize=300%2C300\" alt=\"\" width=\"300\" height=\"300\" srcset=\"https:\/\/i0.wp.com\/www.stanthonysdenver.org\/es\/wp-content\/uploads\/sites\/2\/2022\/08\/Arturo-300x300-1.jpg?w=300&amp;ssl=1 300w, https:\/\/i0.wp.com\/www.stanthonysdenver.org\/es\/wp-content\/uploads\/sites\/2\/2022\/08\/Arturo-300x300-1.jpg?resize=150%2C150&amp;ssl=1 150w\" sizes=\"(max-width: 300px) 100vw, 300px\" data-recalc-dims=\"1\" \/><\/p>\n<p>Padre Arturo Chagala &#8211; Pastor<\/p>\n<p>(Esta informaci\u00f3n a\u00fan no ha sido proporcionada).<\/p>\n<hr>\n<p><img data-attachment-id=\"1094\" data-permalink=\"https:\/\/www.stanthonysdenver.org\/es\/clero-y-seminaristas\/miljenko-300x300\/\" data-orig-file=\"https:\/\/i2.wp.com\/www.stanthonysdenver.org\/es\/wp-content\/uploads\/sites\/2\/2022\/08\/Miljenko-300x300-1.jpg?fit=300%2C300&amp;ssl=1\" data-orig-size=\"300,300\" data-comments-opened=\"0\" data-image-meta=\"{&quot;aperture&quot;:&quot;0&quot;,&quot;credit&quot;:&quot;&quot;,&quot;camera&quot;:&quot;&quot;,&quot;caption&quot;:&quot;&quot;,&quot;created_timestamp&quot;:&quot;0&quot;,&quot;copyright&quot;:&quot;&quot;,&quot;focal_length&quot;:&quot;0&quot;,&quot;iso&quot;:&quot;0&quot;,&quot;shutter_speed&quot;:&quot;0&quot;,&quot;title&quot;:&quot;&quot;,&quot;orientation&quot;:&quot;1&quot;}\" data-image-title=\"Miljenko-300&#215;300\" data-image-description=\"\" data-medium-file=\"https:\/\/i2.wp.com\/www.stanthonysdenver.org\/es\/wp-content\/uploads\/sites\/2\/2022\/08\/Miljenko-300x300-1.jpg?fit=300%2C300&amp;ssl=1\" data-large-file=\"https:\/\/i2.wp.com\/www.stanthonysdenver.org\/es\/wp-content\/uploads\/sites\/2\/2022\/08\/Miljenko-300x300-1.jpg?fit=300%2C300&amp;ssl=1\" loading=\"lazy\" class=\"alignnone wp-image-1094 size-full\" src=\"https:\/\/i2.wp.com\/www.stanthonysdenver.org\/es\/wp-content\/uploads\/sites\/2\/2022\/08\/Miljenko-300x300-1.jpg?resize=300%2C300\" alt=\"\" width=\"300\" height=\"300\" srcset=\"https:\/\/i2.wp.com\/www.stanthonysdenver.org\/es\/wp-content\/uploads\/sites\/2\/2022\/08\/Miljenko-300x300-1.jpg?w=300&amp;ssl=1 300w, https:\/\/i2.wp.com\/www.stanthonysdenver.org\/es\/wp-content\/uploads\/sites\/2\/2022\/08\/Miljenko-300x300-1.jpg?resize=150%2C150&amp;ssl=1 150w\" sizes=\"(max-width: 300px) 100vw, 300px\" data-recalc-dims=\"1\" \/><\/p>\n<p>Padre Miljenko Pavkovic &#8211; Vicario<\/p>\n<p>(Esta informaci\u00f3n a\u00fan no ha sido proporcionada).<\/p>\n<hr>\n<p><img data-attachment-id=\"657\" data-permalink=\"https:\/\/www.stanthonysdenver.org\/es\/clero-y-seminaristas\/urban_pe_007_11-300\/\" data-orig-file=\"https:\/\/i0.wp.com\/www.stanthonysdenver.org\/es\/wp-content\/uploads\/sites\/2\/2020\/10\/Urban_Pe_007_11-300.jpg?fit=300%2C300&amp;ssl=1\" data-orig-size=\"300,300\" data-comments-opened=\"0\" data-image-meta=\"{&quot;aperture&quot;:&quot;0&quot;,&quot;credit&quot;:&quot;&quot;,&quot;camera&quot;:&quot;&quot;,&quot;caption&quot;:&quot;&quot;,&quot;created_timestamp&quot;:&quot;0&quot;,&quot;copyright&quot;:&quot;&quot;,&quot;focal_length&quot;:&quot;0&quot;,&quot;iso&quot;:&quot;0&quot;,&quot;shutter_speed&quot;:&quot;0&quot;,&quot;title&quot;:&quot;&quot;,&quot;orientation&quot;:&quot;1&quot;}\" data-image-title=\"Urban_Pe_007_11-300\" data-image-description=\"\" data-medium-file=\"https:\/\/i0.wp.com\/www.stanthonysdenver.org\/es\/wp-content\/uploads\/sites\/2\/2020\/10\/Urban_Pe_007_11-300.jpg?fit=300%2C300&amp;ssl=1\" data-large-file=\"https:\/\/i0.wp.com\/www.stanthonysdenver.org\/es\/wp-content\/uploads\/sites\/2\/2020\/10\/Urban_Pe_007_11-300.jpg?fit=300%2C300&amp;ssl=1\" loading=\"lazy\" class=\"alignnone  wp-image-657\" src=\"https:\/\/i0.wp.com\/www.stanthonysdenver.org\/es\/wp-content\/uploads\/sites\/2\/2020\/10\/Urban_Pe_007_11-300.jpg?resize=224%2C224\" alt=\"\" width=\"224\" height=\"224\" srcset=\"https:\/\/i0.wp.com\/www.stanthonysdenver.org\/es\/wp-content\/uploads\/sites\/2\/2020\/10\/Urban_Pe_007_11-300.jpg?w=300&amp;ssl=1 300w, https:\/\/i0.wp.com\/www.stanthonysdenver.org\/es\/wp-content\/uploads\/sites\/2\/2020\/10\/Urban_Pe_007_11-300.jpg?resize=150%2C150&amp;ssl=1 150w\" sizes=\"(max-width: 224px) 100vw, 224px\" data-recalc-dims=\"1\" \/><\/p>\n<p>Padre Pedro Urban &#8211; Jubilado<\/p>\n<p>Hay dos palabras que el padre Peter no ha podido entender en toda su vida: &#8220;Salir&#8221; y &#8220;Retirarse&#8221;. T\u00e9cnicamente, el Padre Peter es un sacerdote retirado, sin embargo, su amor por el pueblo de Dios lo ha llevado a ser tan activo en la jubilaci\u00f3n como lo era cuando estaba en el ministerio de tiempo completo. \u00c9l tiene un sentido tan profundo de qui\u00e9n Dios lo llam\u00f3 a ser que no puedes evitar inspirarte para su incansable servicio a Dios y a su pueblo. El padre Peter tampoco sabe el significado de la palabra &#8220;Salir&#8221;. \u00c9l ha superado muchas dificultades en su vida por su constante dedicaci\u00f3n a su servicio a Dios. Estamos bendecidos de que eligi\u00f3 retirarse con nosotros aqu\u00ed en St. Anthony&#8217;s porque nos beneficiamos enormemente de su ministerio. El padre Peter tambi\u00e9n es un apasionado de apoyar la Misi\u00f3n Miguel Pro en Ciudad Ju\u00e1rez, M\u00e9xico. Por favor vea su sitio web y apoye a la gente de Juiarez. http:\/\/www.miguelpromission.com\/ Llegar a mis vecinos &#8230; En el Evangelio del domingo pasado, el sacerdote predic\u00f3 sobre &#8220;\u00bfQui\u00e9n es mi pr\u00f3jimo?&#8221; \u00c9l realmente me atrap\u00f3 y me ret\u00f3 a conocer a quienes viven a mi alrededor. Mi primer desaf\u00edo fue la encantadora dama al otro lado de la calle. Ella es hermosa; Todos nos pusimos los ojos. vestido para los nueves; siempre fastidiado, realmente noqueado. Es demasiado llamarla un verdadero tomate. Fue con algo de nerviosismo cuando me acerqu\u00e9 a su puerta, su puerta &#8220;Solo un vecino, tenemos que ser buenos vecinos, ya sabes&#8221;, llorique\u00e9 diciendo las cosas equivocadas. Ella se enoj\u00f3, comenz\u00f3 a gritar, rabiosa. &#8220;Sal de mi propiedad y no vuelvas&#8221;. Sus ojos se salieron de su nariz se pusieron de un rojo extra\u00f1o y se form\u00f3 un gru\u00f1ido.<\/p>\n<p>Ella ya no era hermosa.<\/p>\n<p>Por alguna raz\u00f3n no estaba desanimado. Empec\u00e9 a pensar en lo que dijo el sacerdote: Bendito seas cuando te persiguen y dicen cada calumnia en contra; cuando te calumnian, diciendo todas las falsedades sobre ti por mi culpa. Al\u00e9grate y al\u00e9grate; tu recompensa&#8230;&#8221; No estaba desanimado. Pens\u00e9 que alg\u00fan d\u00eda llegaremos a mejores t\u00e9rminos. Alg\u00fan d\u00eda conocer\u00e9 sus antecedentes; tal vez fue golpeada de joven; tal vez fue abusada. A veces las personas hermosas se visten muy bien porque intentan olvidar la fealdad de su pasado. Pens\u00e9, no tengo oportunidad de pedirle que sea vecina; No hay posibilidad de ser un buen vecino, solo, si le muestro su compasi\u00f3n. Lo m\u00e1s emocionante: \u00bfSer\u00e1 alg\u00fan d\u00eda este vecindario estrecho? Alg\u00fan d\u00eda, \u00bfnos cuidaremos? \u00bfSoy la persona que lo har\u00e1 posible?<\/p>\n<p>&nbsp;<\/p>\n<p>&nbsp;<\/p>\n<p>&nbsp;<\/p>\n","protected":false},"excerpt":{"rendered":"<p>Actualmente, nuestra parroquia es atendida por tres sacerdotes y un di\u00e1cono. Ven y con\u00f3celos mejor. Padre Arturo Chagala &#8211; Pastor (Esta informaci\u00f3n a\u00fan no ha sido proporcionada). Padre Miljenko Pavkovic &#8211; Vicario (Esta informaci\u00f3n a\u00fan no ha sido proporcionada). Padre Pedro Urban &#8211; Jubilado Hay dos palabras que el padre Peter no ha podido entender &hellip; <\/p>\n<p class=\"link-more\"><a href=\"https:\/\/www.stanthonysdenver.org\/es\/clero-y-seminaristas\/\" class=\"more-link\">Continuar leyendo<span class=\"screen-reader-text\"> &#8220;Clero y seminaristas&#8221;<\/span><\/a><\/p>\n","protected":false},"author":1,"featured_media":0,"parent":0,"menu_order":0,"comment_status":"closed","ping_status":"closed","template":"","meta":{"_mi_skip_tracking":false,"_exactmetrics_sitenote_active":false,"_exactmetrics_sitenote_note":"","_exactmetrics_sitenote_category":0,"ngg_post_thumbnail":0,"spay_email":""},"jetpack_sharing_enabled":true,"jetpack_shortlink":"https:\/\/wp.me\/P8P0id-2E","jetpack-related-posts":[{"id":166,"url":"https:\/\/www.stanthonysdenver.org\/es\/directorio\/","url_meta":{"origin":164,"position":0},"title":"Directorio","date":"6 junio, 2017","format":false,"excerpt":"Padre Arturo ChagalaPastor303-935-2431 x3010P.Chagala@stanthonysdenver.org Padre Miljenko PavkovicVicario Parroquial303-935-2431 x3009P.Pavkovic@stanthonysdenver.org Padre Peter UrbanSacerdote jubilado303-935-2431 x3000 P. Peter-Urban@comcast.net MonicaOficina303-935-2431 x3001 office@stanthonysdenver.org","rel":"","context":"Entrada similar ","img":{"alt_text":"","src":"","width":0,"height":0},"classes":[]},{"id":140,"url":"https:\/\/www.stanthonysdenver.org\/es\/comunidad\/grupos\/consejo-de-los-caballeros-de-colon-4796\/","url_meta":{"origin":164,"position":1},"title":"Consejo de los Caballeros de Col\u00f3n 4796","date":"8 junio, 2017","format":false,"excerpt":"Qu\u00e9 Hacemos \u00bfUsted y su familia han visto alguna vez la transmisi\u00f3n de la misa de medianoche del Papa Juan Pablo II en la Bas\u00edlica de San Pedro en Roma en Nochebuena? Bueno, los Caballeros de Col\u00f3n son la organizaci\u00f3n que suscribe los costos de radiodifusi\u00f3n televisiva desde el Vaticano,\u2026","rel":"","context":"Entrada similar ","img":{"alt_text":"","src":"","width":0,"height":0},"classes":[]},{"id":122,"url":"https:\/\/www.stanthonysdenver.org\/es\/comunidad\/grupos\/","url_meta":{"origin":164,"position":2},"title":"Grupos","date":"8 junio, 2017","format":false,"excerpt":"\"Somos el Cuerpo de Cristo\" La comunidad est\u00e1 en el coraz\u00f3n de Dios. Como cristianos creemos que Dios es trinitario - Padre, Hijo y Esp\u00edritu Santo, y son las relaciones entre las tres personas de la Sant\u00edsima Trinidad las que nos llaman en relaci\u00f3n mutua. Una de las maneras en\u2026","rel":"","context":"Entrada similar ","img":{"alt_text":"","src":"","width":0,"height":0},"classes":[]},{"id":136,"url":"https:\/\/www.stanthonysdenver.org\/es\/comunidad\/grupos\/adoracion-eucaristica\/","url_meta":{"origin":164,"position":3},"title":"Adoraci\u00f3n Eucar\u00edstica","date":"8 junio, 2017","format":false,"excerpt":"San Pablo Juan Pablo II dijo: \"S\u00e9 una gu\u00eda de Cristo para nosotros, Mar\u00eda\" (Toronto, 1984). As\u00ed como el Esp\u00edritu Santo llen\u00f3 a Isabel cuando oy\u00f3 el saludo de Mar\u00eda en la Visitaci\u00f3n, nosotros tambi\u00e9n somos llamados a responder a la invitaci\u00f3n de Dios. \"Mi alma proclama la grandeza del\u2026","rel":"","context":"Entrada similar ","img":{"alt_text":"","src":"","width":0,"height":0},"classes":[]},{"id":126,"url":"https:\/\/www.stanthonysdenver.org\/es\/comunidad\/grupos\/alar-y-rosario\/","url_meta":{"origin":164,"position":4},"title":"Alar y Rosario","date":"8 junio, 2017","format":false,"excerpt":"\u00bfQu\u00e9 es la Sociedad del Altar y el Rosario? La Sociedad Altar y Rosario es un grupo de voluntarios que ayudan a la iglesia de muchas maneras. Ha sido de servicio a la iglesia de San Antonio de Padua por m\u00e1s de 50 a\u00f1os. \u00bfCu\u00e1ndo se re\u00fane la Sociedad? Las\u2026","rel":"","context":"Entrada similar ","img":{"alt_text":"","src":"","width":0,"height":0},"classes":[]},{"id":144,"url":"https:\/\/www.stanthonysdenver.org\/es\/comunidad\/grupos\/adoracion-nocturna\/","url_meta":{"origin":164,"position":5},"title":"Adoraci\u00f3n  Nocturna","date":"8 junio, 2017","format":false,"excerpt":"Adoraci\u00f3n\u00a0 Nocturna es un grupo que se re\u00fane el primer s\u00e1bado por la noche de cada mes. Las familias vigilan a Nuestro Se\u00f1or hasta la medianoche y luego los hombres celebran una vigilia nocturna. Este grupo tiene una gran devoci\u00f3n a orar la Liturgia de las Horas y el Rosario\u2026","rel":"","context":"Entrada similar ","img":{"alt_text":"","src":"","width":0,"height":0},"classes":[]}],"_links":{"self":[{"href":"https:\/\/www.stanthonysdenver.org\/es\/wp-json\/wp\/v2\/pages\/164"}],"collection":[{"href":"https:\/\/www.stanthonysdenver.org\/es\/wp-json\/wp\/v2\/pages"}],"about":[{"href":"https:\/\/www.stanthonysdenver.org\/es\/wp-json\/wp\/v2\/types\/page"}],"author":[{"embeddable":true,"href":"https:\/\/www.stanthonysdenver.org\/es\/wp-json\/wp\/v2\/users\/1"}],"replies":[{"embeddable":true,"href":"https:\/\/www.stanthonysdenver.org\/es\/wp-json\/wp\/v2\/comments?post=164"}],"version-history":[{"count":9,"href":"https:\/\/www.stanthonysdenver.org\/es\/wp-json\/wp\/v2\/pages\/164\/revisions"}],"predecessor-version":[{"id":1252,"href":"https:\/\/www.stanthonysdenver.org\/es\/wp-json\/wp\/v2\/pages\/164\/revisions\/1252"}],"wp:attachment":[{"href":"https:\/\/www.stanthonysdenver.org\/es\/wp-json\/wp\/v2\/media?parent=164"}],"curies":[{"name":"wp","href":"https:\/\/api.w.org\/{rel}","templated":true}]}}