{"id":147,"date":"2017-06-08T17:08:21","date_gmt":"2017-06-08T17:08:21","guid":{"rendered":"http:\/\/www.stanthonysdenver.org\/?page_id=147"},"modified":"2017-06-08T16:30:47","modified_gmt":"2017-06-08T22:30:47","slug":"respeta-la-vida","status":"publish","type":"page","link":"https:\/\/www.stanthonysdenver.org\/es\/comunidad\/grupos\/respeta-la-vida\/","title":{"rendered":"Respeta la vida"},"content":{"rendered":"<p><strong>Respeta la vida<\/strong><\/p>\n<p>&#8220;Jes\u00fas, Mar\u00eda y Jos\u00e9, te amo mucho. Os ruego que perdon\u00e9is la vida de [el nombre del beb\u00e9] al feto que he adoptado espiritualmente y que est\u00e1 en peligro de abortar &#8220;.<br \/>\n&#8211; Oraci\u00f3n del Arzobispo Fulton J. Sheen<\/p>\n<p><strong>Defender a los inocentes<\/strong><br \/>\nRespeto El trabajo de la vida consiste en orar y trabajar por la defensa de los inocentes de nuestra sociedad. Los inocentes en el \u00fatero y los ancianos que son incapaces de cuidar de s\u00ed mismos son amenazados nuestra cultura. El grupo Respect Life es para aquellos que quieren transformar nuestra cultura de una cultura de la muerte a una cultura de vida.<\/p>\n<p><strong>Metas<\/strong><br \/>\nLos objetivos del grupo Respect Life son aumentar la conciencia dentro de nuestra parroquia y nuestra comunidad de asuntos de Vida. Estos abarcan desde la anticoncepci\u00f3n hasta el aborto y el cuidado de los ancianos.<\/p>\n<p><strong>Organizarse<\/strong><\/p>\n<p>Actualmente, St. Anthony&#8217;s no tiene un grupo de Respect Life. Estamos buscando feligreses de todas las edades para involucrarnos en este grupo para promover la cultura de vida en nuestra parroquia y nuestra comunidad. Esta es una gran oportunidad para hacer una diferencia positiva en nuestro vecindario.<\/p>\n<p><strong>Hora Santa para la Vida<\/strong><br \/>\nEl primer s\u00e1bado de cada mes a partir de las 5PM pasamos una Hora Santa por la Vida. Pasamos tiempo en la adoraci\u00f3n ante Jes\u00fas en el Sant\u00edsimo Sacramento, rezamos el rosario y meditamos en las lecturas del Evangelio de Juan. La Hora Santa para la Vida termina con Bendici\u00f3n antes de la misa de las 6PM. \u00a1Ven y \u00fanete a nosotros para salvar a los beb\u00e9s! Las oraciones por la Hora Santa para la vida est\u00e1n en ingl\u00e9s y espa\u00f1ol.<\/p>\n<p><strong>Reuniones diocesanas de Respeto a la Vida<\/strong><br \/>\nLa otra actividad que nuestro grupo hace es asistir a las reuniones arquidiocesanas de Respeto a la Vida, que son \/ el tercer lunes de cada mes de septiembre a mayo. Estas reuniones se llevan a cabo en el Centro Juan Pablo II, 1300. S. Steele St. Las reuniones de la Di\u00f3cesis comienzan con el Rosario a las 6:30 PM con la reuni\u00f3n comenzando a las 7PM. Estas reuniones son una gran oportunidad para que nuestra parroquia trabaje con las otras parroquias de la di\u00f3cesis. Esta reuni\u00f3n ayuda a promover los diversos asuntos pro-vida dentro de la Di\u00f3cesis. Informaci\u00f3n detallada sobre las diversas actividades de Respeto a la Vida diocesana puede encontrarse en el siguiente sitio web: <a href=\"http:\/\/www.archden.org\/respectlife\" target=\"_blank\" rel=\"noopener\">http:\/\/www.archden.org\/respectlife<\/a><\/p>\n<p><strong>A qui\u00e9n debo contactar<\/strong><br \/>\nBarb M\u00e1rquez: 303-231-3946<\/p>\n<p><strong>\u00bfPor qu\u00e9 estoy involucrado?<\/strong><br \/>\n&#8220;Los hijos son una bendici\u00f3n, el fruto de la matriz&#8221; (Salmo 127: 3).<\/p>\n<p>&#8220;Comenc\u00e9 a ir a las reuniones mensuales con un amigo, y el Se\u00f1or me llev\u00f3 a participar en el trabajo de Pro-Vida. Lo que he hecho es recolectar firmas para detener los abortos de parto parcial y ayudar a organizar a nuestra parroquia para adoptar espiritualmente a un beb\u00e9, y para proporcionar suministros necesarios para Bridgeway, una organizaci\u00f3n sin fines de lucro que apoya a las mujeres que deciden mantener a sus beb\u00e9s en lugar de Tener un aborto &#8220;.<br \/>\nVonny O&#8217;Leary,<\/p>\n<p>&nbsp;<\/p>\n","protected":false},"excerpt":{"rendered":"<p>Respeta la vida &#8220;Jes\u00fas, Mar\u00eda y Jos\u00e9, te amo mucho. Os ruego que perdon\u00e9is la vida de [el nombre del beb\u00e9] al feto que he adoptado espiritualmente y que est\u00e1 en peligro de abortar &#8220;. &#8211; Oraci\u00f3n del Arzobispo Fulton J. Sheen Defender a los inocentes Respeto El trabajo de la vida consiste en orar &hellip; <\/p>\n<p class=\"link-more\"><a href=\"https:\/\/www.stanthonysdenver.org\/es\/comunidad\/grupos\/respeta-la-vida\/\" class=\"more-link\">Continuar leyendo<span class=\"screen-reader-text\"> &#8220;Respeta la vida&#8221;<\/span><\/a><\/p>\n","protected":false},"author":1,"featured_media":0,"parent":122,"menu_order":6,"comment_status":"closed","ping_status":"closed","template":"","meta":{"_mi_skip_tracking":false,"_exactmetrics_sitenote_active":false,"_exactmetrics_sitenote_note":"","_exactmetrics_sitenote_category":0,"ngg_post_thumbnail":0,"spay_email":""},"jetpack_sharing_enabled":true,"jetpack_shortlink":"https:\/\/wp.me\/P8P0id-2n","jetpack-related-posts":[{"id":280,"url":"https:\/\/www.stanthonysdenver.org\/es\/comunidad\/ministerios\/ministerio-a-domicilio\/","url_meta":{"origin":147,"position":0},"title":"Ministerio a domicilio","date":"9 junio, 2017","format":false,"excerpt":"\"Ellos responder\u00e1n y dir\u00e1n: 'Se\u00f1or, \u00bfcu\u00e1ndo te vimos hambriento o sediento, o un extra\u00f1o, o desnudo, enfermo o en la c\u00e1rcel, y no servimos a tus necesidades?' \u00c9l les responder\u00e1: 'Am\u00e9n, les digo que lo que ustedes no hicieron por uno de estos m\u00e1s peque\u00f1os, no lo hicieron por m\u00ed'\u2026","rel":"","context":"Entrada similar ","img":{"alt_text":"","src":"","width":0,"height":0},"classes":[]},{"id":126,"url":"https:\/\/www.stanthonysdenver.org\/es\/comunidad\/grupos\/alar-y-rosario\/","url_meta":{"origin":147,"position":1},"title":"Alar y Rosario","date":"8 junio, 2017","format":false,"excerpt":"\u00bfQu\u00e9 es la Sociedad del Altar y el Rosario? La Sociedad Altar y Rosario es un grupo de voluntarios que ayudan a la iglesia de muchas maneras. Ha sido de servicio a la iglesia de San Antonio de Padua por m\u00e1s de 50 a\u00f1os. \u00bfCu\u00e1ndo se re\u00fane la Sociedad? Las\u2026","rel":"","context":"Entrada similar ","img":{"alt_text":"","src":"","width":0,"height":0},"classes":[]},{"id":136,"url":"https:\/\/www.stanthonysdenver.org\/es\/comunidad\/grupos\/adoracion-eucaristica\/","url_meta":{"origin":147,"position":2},"title":"Adoraci\u00f3n Eucar\u00edstica","date":"8 junio, 2017","format":false,"excerpt":"San Pablo Juan Pablo II dijo: \"S\u00e9 una gu\u00eda de Cristo para nosotros, Mar\u00eda\" (Toronto, 1984). As\u00ed como el Esp\u00edritu Santo llen\u00f3 a Isabel cuando oy\u00f3 el saludo de Mar\u00eda en la Visitaci\u00f3n, nosotros tambi\u00e9n somos llamados a responder a la invitaci\u00f3n de Dios. \"Mi alma proclama la grandeza del\u2026","rel":"","context":"Entrada similar ","img":{"alt_text":"","src":"","width":0,"height":0},"classes":[]},{"id":132,"url":"https:\/\/www.stanthonysdenver.org\/es\/comunidad\/grupos\/comunicaciones\/","url_meta":{"origin":147,"position":3},"title":"Comunicaciones","date":"8 junio, 2017","format":false,"excerpt":"Oraci\u00f3n a San Gabriel - Patrona de los Trabajadores de la Comunicaci\u00f3n. \"Oh Dios, que de entre todos tus \u00e1ngeles escogiste al Arc\u00e1ngel Gabriel para anunciar el misterio de la Encarnaci\u00f3n, concede misericordiosamente que nosotros que proclamamos el mensaje de tu Evangelio en la tierra, podamos sentir el beneficio de\u2026","rel":"","context":"Entrada similar ","img":{"alt_text":"","src":"","width":0,"height":0},"classes":[]},{"id":140,"url":"https:\/\/www.stanthonysdenver.org\/es\/comunidad\/grupos\/consejo-de-los-caballeros-de-colon-4796\/","url_meta":{"origin":147,"position":4},"title":"Consejo de los Caballeros de Col\u00f3n 4796","date":"8 junio, 2017","format":false,"excerpt":"Qu\u00e9 Hacemos \u00bfUsted y su familia han visto alguna vez la transmisi\u00f3n de la misa de medianoche del Papa Juan Pablo II en la Bas\u00edlica de San Pedro en Roma en Nochebuena? Bueno, los Caballeros de Col\u00f3n son la organizaci\u00f3n que suscribe los costos de radiodifusi\u00f3n televisiva desde el Vaticano,\u2026","rel":"","context":"Entrada similar ","img":{"alt_text":"","src":"","width":0,"height":0},"classes":[]},{"id":165,"url":"https:\/\/www.stanthonysdenver.org\/es\/inicio\/inicio\/","url_meta":{"origin":147,"position":5},"title":"Inicio","date":"6 junio, 2017","format":false,"excerpt":"SeptiembreEl oto\u00f1o ya est\u00e1 aqu\u00ed y es hora de prepararse para el pr\u00f3ximo invierno. \u00a0 Bienvenidos a la Iglesia Cat\u00f3lica San Antonio de Padua. Le invitamos a mirar alrededor y tener una idea de nuestra iglesia. Como la primera iglesia, la Iglesia de San Antonio es una comunidad bicultural. En\u2026","rel":"","context":"Entrada similar ","img":{"alt_text":"","src":"https:\/\/i1.wp.com\/www.stanthonysdenver.org\/es\/wp-content\/uploads\/sites\/2\/2022\/09\/September2022-1.jpg?resize=350%2C200&ssl=1","width":350,"height":200},"classes":[]}],"_links":{"self":[{"href":"https:\/\/www.stanthonysdenver.org\/es\/wp-json\/wp\/v2\/pages\/147"}],"collection":[{"href":"https:\/\/www.stanthonysdenver.org\/es\/wp-json\/wp\/v2\/pages"}],"about":[{"href":"https:\/\/www.stanthonysdenver.org\/es\/wp-json\/wp\/v2\/types\/page"}],"author":[{"embeddable":true,"href":"https:\/\/www.stanthonysdenver.org\/es\/wp-json\/wp\/v2\/users\/1"}],"replies":[{"embeddable":true,"href":"https:\/\/www.stanthonysdenver.org\/es\/wp-json\/wp\/v2\/comments?post=147"}],"version-history":[{"count":2,"href":"https:\/\/www.stanthonysdenver.org\/es\/wp-json\/wp\/v2\/pages\/147\/revisions"}],"predecessor-version":[{"id":240,"href":"https:\/\/www.stanthonysdenver.org\/es\/wp-json\/wp\/v2\/pages\/147\/revisions\/240"}],"up":[{"embeddable":true,"href":"https:\/\/www.stanthonysdenver.org\/es\/wp-json\/wp\/v2\/pages\/122"}],"wp:attachment":[{"href":"https:\/\/www.stanthonysdenver.org\/es\/wp-json\/wp\/v2\/media?parent=147"}],"curies":[{"name":"wp","href":"https:\/\/api.w.org\/{rel}","templated":true}]}}