{"id":144,"date":"2017-06-08T17:03:15","date_gmt":"2017-06-08T17:03:15","guid":{"rendered":"http:\/\/www.stanthonysdenver.org\/?page_id=144"},"modified":"2017-06-08T16:28:38","modified_gmt":"2017-06-08T22:28:38","slug":"adoracion-nocturna","status":"publish","type":"page","link":"https:\/\/www.stanthonysdenver.org\/es\/comunidad\/grupos\/adoracion-nocturna\/","title":{"rendered":"Adoraci\u00f3n  Nocturna"},"content":{"rendered":"<p>Adoraci\u00f3n\u00a0 Nocturna es un grupo que se re\u00fane el primer s\u00e1bado por la noche de cada mes. Las familias vigilan a Nuestro Se\u00f1or hasta la medianoche y luego los hombres celebran una vigilia nocturna. Este grupo tiene una gran devoci\u00f3n a orar la Liturgia de las Horas y el Rosario mientras est\u00e1 en la Adoraci\u00f3n Eucar\u00edstica.<\/p>\n<p>Agregar miembros y l\u00edderes del grupo, informaci\u00f3n de contacto<\/p>\n","protected":false},"excerpt":{"rendered":"<p>Adoraci\u00f3n\u00a0 Nocturna es un grupo que se re\u00fane el primer s\u00e1bado por la noche de cada mes. Las familias vigilan a Nuestro Se\u00f1or hasta la medianoche y luego los hombres celebran una vigilia nocturna. Este grupo tiene una gran devoci\u00f3n a orar la Liturgia de las Horas y el Rosario mientras est\u00e1 en la Adoraci\u00f3n &hellip; <\/p>\n<p class=\"link-more\"><a href=\"https:\/\/www.stanthonysdenver.org\/es\/comunidad\/grupos\/adoracion-nocturna\/\" class=\"more-link\">Continuar leyendo<span class=\"screen-reader-text\"> &#8220;Adoraci\u00f3n  Nocturna&#8221;<\/span><\/a><\/p>\n","protected":false},"author":1,"featured_media":0,"parent":122,"menu_order":5,"comment_status":"closed","ping_status":"closed","template":"","meta":{"_mi_skip_tracking":false,"_exactmetrics_sitenote_active":false,"_exactmetrics_sitenote_note":"","_exactmetrics_sitenote_category":0,"ngg_post_thumbnail":0,"spay_email":""},"jetpack_sharing_enabled":true,"jetpack_shortlink":"https:\/\/wp.me\/P8P0id-2k","jetpack-related-posts":[{"id":136,"url":"https:\/\/www.stanthonysdenver.org\/es\/comunidad\/grupos\/adoracion-eucaristica\/","url_meta":{"origin":144,"position":0},"title":"Adoraci\u00f3n Eucar\u00edstica","date":"8 junio, 2017","format":false,"excerpt":"San Pablo Juan Pablo II dijo: \"S\u00e9 una gu\u00eda de Cristo para nosotros, Mar\u00eda\" (Toronto, 1984). As\u00ed como el Esp\u00edritu Santo llen\u00f3 a Isabel cuando oy\u00f3 el saludo de Mar\u00eda en la Visitaci\u00f3n, nosotros tambi\u00e9n somos llamados a responder a la invitaci\u00f3n de Dios. \"Mi alma proclama la grandeza del\u2026","rel":"","context":"Entrada similar ","img":{"alt_text":"","src":"","width":0,"height":0},"classes":[]},{"id":147,"url":"https:\/\/www.stanthonysdenver.org\/es\/comunidad\/grupos\/respeta-la-vida\/","url_meta":{"origin":144,"position":1},"title":"Respeta la vida","date":"8 junio, 2017","format":false,"excerpt":"Respeta la vida \"Jes\u00fas, Mar\u00eda y Jos\u00e9, te amo mucho. Os ruego que perdon\u00e9is la vida de [el nombre del beb\u00e9] al feto que he adoptado espiritualmente y que est\u00e1 en peligro de abortar \". - Oraci\u00f3n del Arzobispo Fulton J. Sheen Defender a los inocentes Respeto El trabajo de\u2026","rel":"","context":"Entrada similar ","img":{"alt_text":"","src":"","width":0,"height":0},"classes":[]},{"id":132,"url":"https:\/\/www.stanthonysdenver.org\/es\/comunidad\/grupos\/comunicaciones\/","url_meta":{"origin":144,"position":2},"title":"Comunicaciones","date":"8 junio, 2017","format":false,"excerpt":"Oraci\u00f3n a San Gabriel - Patrona de los Trabajadores de la Comunicaci\u00f3n. \"Oh Dios, que de entre todos tus \u00e1ngeles escogiste al Arc\u00e1ngel Gabriel para anunciar el misterio de la Encarnaci\u00f3n, concede misericordiosamente que nosotros que proclamamos el mensaje de tu Evangelio en la tierra, podamos sentir el beneficio de\u2026","rel":"","context":"Entrada similar ","img":{"alt_text":"","src":"","width":0,"height":0},"classes":[]},{"id":126,"url":"https:\/\/www.stanthonysdenver.org\/es\/comunidad\/grupos\/alar-y-rosario\/","url_meta":{"origin":144,"position":3},"title":"Alar y Rosario","date":"8 junio, 2017","format":false,"excerpt":"\u00bfQu\u00e9 es la Sociedad del Altar y el Rosario? La Sociedad Altar y Rosario es un grupo de voluntarios que ayudan a la iglesia de muchas maneras. Ha sido de servicio a la iglesia de San Antonio de Padua por m\u00e1s de 50 a\u00f1os. \u00bfCu\u00e1ndo se re\u00fane la Sociedad? Las\u2026","rel":"","context":"Entrada similar ","img":{"alt_text":"","src":"","width":0,"height":0},"classes":[]},{"id":280,"url":"https:\/\/www.stanthonysdenver.org\/es\/comunidad\/ministerios\/ministerio-a-domicilio\/","url_meta":{"origin":144,"position":4},"title":"Ministerio a domicilio","date":"9 junio, 2017","format":false,"excerpt":"\"Ellos responder\u00e1n y dir\u00e1n: 'Se\u00f1or, \u00bfcu\u00e1ndo te vimos hambriento o sediento, o un extra\u00f1o, o desnudo, enfermo o en la c\u00e1rcel, y no servimos a tus necesidades?' \u00c9l les responder\u00e1: 'Am\u00e9n, les digo que lo que ustedes no hicieron por uno de estos m\u00e1s peque\u00f1os, no lo hicieron por m\u00ed'\u2026","rel":"","context":"Entrada similar ","img":{"alt_text":"","src":"","width":0,"height":0},"classes":[]},{"id":122,"url":"https:\/\/www.stanthonysdenver.org\/es\/comunidad\/grupos\/","url_meta":{"origin":144,"position":5},"title":"Grupos","date":"8 junio, 2017","format":false,"excerpt":"\"Somos el Cuerpo de Cristo\" La comunidad est\u00e1 en el coraz\u00f3n de Dios. Como cristianos creemos que Dios es trinitario - Padre, Hijo y Esp\u00edritu Santo, y son las relaciones entre las tres personas de la Sant\u00edsima Trinidad las que nos llaman en relaci\u00f3n mutua. Una de las maneras en\u2026","rel":"","context":"Entrada similar ","img":{"alt_text":"","src":"","width":0,"height":0},"classes":[]}],"_links":{"self":[{"href":"https:\/\/www.stanthonysdenver.org\/es\/wp-json\/wp\/v2\/pages\/144"}],"collection":[{"href":"https:\/\/www.stanthonysdenver.org\/es\/wp-json\/wp\/v2\/pages"}],"about":[{"href":"https:\/\/www.stanthonysdenver.org\/es\/wp-json\/wp\/v2\/types\/page"}],"author":[{"embeddable":true,"href":"https:\/\/www.stanthonysdenver.org\/es\/wp-json\/wp\/v2\/users\/1"}],"replies":[{"embeddable":true,"href":"https:\/\/www.stanthonysdenver.org\/es\/wp-json\/wp\/v2\/comments?post=144"}],"version-history":[{"count":2,"href":"https:\/\/www.stanthonysdenver.org\/es\/wp-json\/wp\/v2\/pages\/144\/revisions"}],"predecessor-version":[{"id":238,"href":"https:\/\/www.stanthonysdenver.org\/es\/wp-json\/wp\/v2\/pages\/144\/revisions\/238"}],"up":[{"embeddable":true,"href":"https:\/\/www.stanthonysdenver.org\/es\/wp-json\/wp\/v2\/pages\/122"}],"wp:attachment":[{"href":"https:\/\/www.stanthonysdenver.org\/es\/wp-json\/wp\/v2\/media?parent=144"}],"curies":[{"name":"wp","href":"https:\/\/api.w.org\/{rel}","templated":true}]}}