{"id":126,"date":"2017-06-08T16:51:04","date_gmt":"2017-06-08T16:51:04","guid":{"rendered":"http:\/\/www.stanthonysdenver.org\/?page_id=126"},"modified":"2017-06-08T16:12:34","modified_gmt":"2017-06-08T22:12:34","slug":"alar-y-rosario","status":"publish","type":"page","link":"https:\/\/www.stanthonysdenver.org\/es\/comunidad\/grupos\/alar-y-rosario\/","title":{"rendered":"Alar y Rosario"},"content":{"rendered":"<p><strong>\u00bfQu\u00e9 es la Sociedad del Altar y el Rosario?<\/strong><\/p>\n<p>La Sociedad Altar y Rosario es un grupo de voluntarios que ayudan a la iglesia de muchas maneras. Ha sido de servicio a la iglesia de San Antonio de Padua por m\u00e1s de 50 a\u00f1os.<\/p>\n<p><strong>\u00bfCu\u00e1ndo se re\u00fane la Sociedad?<\/strong><br \/>\nLas reuniones se llevan a cabo el primer lunes por la noche de septiembre a mayo. Cenas de Potluck se llevan a cabo en septiembre, diciembre y mayo. Nos reunimos en el Centro Parroquial a las 6:30 pm. Hasta las 8:30 p.m. Compartimos las peticiones de oraci\u00f3n y recitamos el rosario antes de cada reuni\u00f3n de negocios. Despu\u00e9s, disfrutamos de refrescos y compa\u00f1erismo maravilloso.<\/p>\n<p><strong>\u00bfQu\u00e9 hace la Sociedad en sus reuniones?<\/strong><br \/>\nNos reunimos para rezar el Rosario, discutir lo que nuestro Pastor necesita de nosotros, discutir nuestros deberes y plan para los pr\u00f3ximos eventos, recaudaciones de fondos, etc<\/p>\n<p><strong>\u00bfQu\u00e9 eventos patrocina la Sociedad?<\/strong><br \/>\nMisa: Patrocinamos dos masas al a\u00f1o para honrar a nuestros miembros actuales y fallecidos<br \/>\nRetiros: Tratamos de celebrar al menos un retiro al a\u00f1o.<br \/>\nRecepciones: Ayudamos con recepciones f\u00fanebres as\u00ed como recepciones para el clero etc.<br \/>\nFiesta Parroquial Anual: Cada c\u00edrculo est\u00e1 a cargo de un stand o ayuda en un stand.<\/p>\n<p><strong>\u00bfPor qu\u00e9 me un\u00ed a la Sociedad del Altar y el Rosario?<\/strong><\/p>\n<p>Construcci\u00f3n de la parroquia<br \/>\nConoc\u00ed a tantas mujeres maravillosas y creo que a trav\u00e9s de sus acciones voluntarias, que estaban ayudando a construir la comunidad cristiana en la Iglesia de San Antonio. Eso fue hace m\u00e1s de 18 a\u00f1os y todav\u00eda estoy asistiendo y disfruto de ser voluntario como un oficial para el grupo<\/p>\n<p>Compa\u00f1erismo y Crecimiento Espiritual<br \/>\nDisfruto del compa\u00f1erismo que he asistido a las reuniones, especialmente porque siempre empezamos con la oraci\u00f3n. He pertenecido a otros grupos que creo que ayudan a nuestra comunidad, pero el Altar y el Rosario han ayudado a aumentar mi fe y me han llevado a muchas bellas amistades. Me encantan los retiros patrocinados por Altar &amp; Rosary porque<br \/>\nHan llenado una necesidad espiritual y me han tra\u00eddo a una relaci\u00f3n m\u00e1s cercana y la comprensi\u00f3n de mi fe.<\/p>\n<p>Ayuda a la parroquia<br \/>\nEncontrar\u00e1n un grupo de mujeres cari\u00f1osas y solidarias que ayudan a la parroquia de muchas maneras.<br \/>\n&#8211; Mary Rita Cordova<\/p>\n<p><strong>\u00bfC\u00f3mo gasta la Sociedad sus fondos?<\/strong><br \/>\nDonamos $ 50.00 al mes al Banco de Alimentos; Enviamos tarjetas a nuestros miembros o sus familias para: Get Well, Pensando en Usted, o Simpat\u00eda. Pagamos por la limpieza de la ropa de altar, compramos un nuevo Stand de Velas de Pascua, ayudamos a pagar una nueva Cruz de Procesi\u00f3n (el Caballero de Col\u00f3n pag\u00f3 la mitad de ella). Compr\u00f3 una nueva aspiradora y ayud\u00f3 a pagar por las nuevas t\u00fanicas del servidor del altar. En el pasado hemos comprado un candelabro nuevo, ollas de caf\u00e9, placas para nuestros difuntos sacerdotes y di\u00e1conos, sillas, alfombras, contribuimos 1\/3 para una estufa en la cocina, azulejo de entrada frontal y lo que nunca necesita podemos ayudar con.<\/p>\n<p><strong>\u00bfCu\u00e1nto cuesta ser miembro de la Sociedad?<\/strong><br \/>\nLas cuotas anuales son de $ 3 por miembro, recaudadas cada a\u00f1o en noviembre. Reclutamos nuevos miembros cada mes de octubre.<\/p>\n<p><strong>\u00bfQu\u00e9 deberes tiene la Sociedad?<\/strong><br \/>\nLa sociedad Altar y Rosario se organiza en &#8220;C\u00edrculos&#8221; &#8211; grupos que se turnan para desempe\u00f1ar los deberes de la Sociedad. Nuestros deberes incluyen:<br \/>\nCuidado del Altar: Esto incluye mantener el Altar aspirado, espolvoreado y con buen aspecto, pulir los soportes de las velas, lavar los candelabros y rellenarlos, lavar y rellenar las fuentes de agua bendita, limpiar la entrada, las ventanas, pulir las puertas y confesar el polvo.<br \/>\nAnfitriona: Cada c\u00edrculo se turna para proporcionar refrescos para nuestras reuniones de negocios.<\/p>\n<p><strong>\u00bfQu\u00e9 son los c\u00edrculos?<\/strong><br \/>\nDel grupo principal, dividimos en grupos m\u00e1s peque\u00f1os que se llaman los c\u00edrculos. Actualmente tenemos un c\u00edrculo: c\u00edrculo de San Antonio. A cada c\u00edrculo se le asigna un deber diferente para el mes. Algunos miembros eligen no estar en un c\u00edrculo pero ayudar\u00e1n siempre que puedan. Pertenecer a un c\u00edrculo es opcional.<\/p>\n<p>En palabras de nuestro anterior Presidente de A &amp; R: Mi experiencia de ser miembro de un c\u00edrculo es maravillosa. \u00a1Es muy solidario espiritualmente y nos fortalecemos en nuestra fe cristiana!<\/p>\n<p><strong>\u00bfTiempos sociales?<\/strong><br \/>\nNos deleitamos en nuestra fiesta anual de Navidad! Compartimos una cena de potluck e intercambiamos regalos. Hemos tenido un gran entretenimiento y diversi\u00f3n.<\/p>\n<p><strong>\u00bfC\u00f3mo me involucro?<\/strong><br \/>\nS\u00f3lo levante el tel\u00e9fono y llame a Norella oa Josephina. Usted es siempre bienvenido a asistir a nuestras reuniones en el primer lunes del mes de septiembre a mayo.<\/p>\n<p>Norella Ortiz al 303-975-0583<br \/>\nJosephina Wilson al 303-935-4485<\/p>\n<p><strong>\u00bfEs usted una &#8220;Marta&#8221; o una &#8220;Mar\u00eda&#8221;?<\/strong><br \/>\nEl Se\u00f1or le respondi\u00f3: &#8220;Marta, Marta, est\u00e1s angustiada y preocupada por muchas cosas, s\u00f3lo hay una cosa: Mar\u00eda ha escogido la mejor parte y no se la quitar\u00e1&#8221;. Lucas 10: 41-42<\/p>\n<p>A finales de la d\u00e9cada de 1980, San Antonio de Padua ofreci\u00f3 un grupo de estudio b\u00edblico sobre Marcos. Fue en este grupo de estudio b\u00edblico que me encontr\u00e9 con las bellas mujeres fieles de la parroquia. Compartiendo su fe al estudiar a Marcos, comenz\u00f3 un tiempo en el que realmente quer\u00eda compartir mi tiempo con otros a trav\u00e9s de Jes\u00fas. No hablaba mucho, pero quer\u00eda estar con ellos, aprendiendo acerca de Dios. En su compa\u00f1\u00eda aprend\u00ed a ser una &#8220;Mar\u00eda&#8221; escuchando absorber el significado de Jes\u00fas en mi vida. Me sent\u00ed tan bien acogido en esta peque\u00f1a comunidad, as\u00ed que acept\u00e9 su invitaci\u00f3n para unirme a su Iglesia y Altar y Rosario donde hice m\u00e1s amigos, rez\u00e9 el rosario, trabaj\u00e9 con ellos en el banco de ropa, limpiar el altar y la iglesia, retiros anuales en St Walburga donde Podr\u00eda convertirme en una &#8220;Mar\u00eda&#8221;.<\/p>\n<p>En nuestro Altar y Rosario mi experiencia m\u00e1s gratificante no es una sola cosa, sino un verdadero sentimiento de sentir a Jes\u00fas en todo lo que hago. (Usted ve que todav\u00eda soy un &#8220;Martha&#8221;). Tengo un audiocassette del rosario y cada ma\u00f1ana mientras salgo para trabajar o jugar. Ruego que el rosario no siempre lo complete, sino que sea un buen comienzo para mi d\u00eda; Y ofreciendo intenciones especiales y pidi\u00e9ndole que me gu\u00ede y me dirija.<\/p>\n<p>Oh, puedo recomendar esta familia de la Iglesia a cualquiera que necesite sentir a Cristo en su vida y la necesidad de alcanzar a otros en la fe. \u00danase a nosotros a veces para ayudarnos a ayudar a otros sirviendo a Dios en San Antonio de Padua.<\/p>\n<p><em>&#8211; Kathy Harrower<\/em><\/p>\n","protected":false},"excerpt":{"rendered":"<p>\u00bfQu\u00e9 es la Sociedad del Altar y el Rosario? La Sociedad Altar y Rosario es un grupo de voluntarios que ayudan a la iglesia de muchas maneras. Ha sido de servicio a la iglesia de San Antonio de Padua por m\u00e1s de 50 a\u00f1os. \u00bfCu\u00e1ndo se re\u00fane la Sociedad? Las reuniones se llevan a cabo &hellip; <\/p>\n<p class=\"link-more\"><a href=\"https:\/\/www.stanthonysdenver.org\/es\/comunidad\/grupos\/alar-y-rosario\/\" class=\"more-link\">Continuar leyendo<span class=\"screen-reader-text\"> &#8220;Alar y Rosario&#8221;<\/span><\/a><\/p>\n","protected":false},"author":1,"featured_media":0,"parent":122,"menu_order":0,"comment_status":"closed","ping_status":"closed","template":"","meta":{"_mi_skip_tracking":false,"_exactmetrics_sitenote_active":false,"_exactmetrics_sitenote_note":"","_exactmetrics_sitenote_category":0,"ngg_post_thumbnail":0,"spay_email":""},"jetpack_sharing_enabled":true,"jetpack_shortlink":"https:\/\/wp.me\/P8P0id-22","jetpack-related-posts":[{"id":147,"url":"https:\/\/www.stanthonysdenver.org\/es\/comunidad\/grupos\/respeta-la-vida\/","url_meta":{"origin":126,"position":0},"title":"Respeta la vida","date":"8 junio, 2017","format":false,"excerpt":"Respeta la vida \"Jes\u00fas, Mar\u00eda y Jos\u00e9, te amo mucho. Os ruego que perdon\u00e9is la vida de [el nombre del beb\u00e9] al feto que he adoptado espiritualmente y que est\u00e1 en peligro de abortar \". - Oraci\u00f3n del Arzobispo Fulton J. Sheen Defender a los inocentes Respeto El trabajo de\u2026","rel":"","context":"Entrada similar ","img":{"alt_text":"","src":"","width":0,"height":0},"classes":[]},{"id":140,"url":"https:\/\/www.stanthonysdenver.org\/es\/comunidad\/grupos\/consejo-de-los-caballeros-de-colon-4796\/","url_meta":{"origin":126,"position":1},"title":"Consejo de los Caballeros de Col\u00f3n 4796","date":"8 junio, 2017","format":false,"excerpt":"Qu\u00e9 Hacemos \u00bfUsted y su familia han visto alguna vez la transmisi\u00f3n de la misa de medianoche del Papa Juan Pablo II en la Bas\u00edlica de San Pedro en Roma en Nochebuena? Bueno, los Caballeros de Col\u00f3n son la organizaci\u00f3n que suscribe los costos de radiodifusi\u00f3n televisiva desde el Vaticano,\u2026","rel":"","context":"Entrada similar ","img":{"alt_text":"","src":"","width":0,"height":0},"classes":[]},{"id":144,"url":"https:\/\/www.stanthonysdenver.org\/es\/comunidad\/grupos\/adoracion-nocturna\/","url_meta":{"origin":126,"position":2},"title":"Adoraci\u00f3n  Nocturna","date":"8 junio, 2017","format":false,"excerpt":"Adoraci\u00f3n\u00a0 Nocturna es un grupo que se re\u00fane el primer s\u00e1bado por la noche de cada mes. Las familias vigilan a Nuestro Se\u00f1or hasta la medianoche y luego los hombres celebran una vigilia nocturna. Este grupo tiene una gran devoci\u00f3n a orar la Liturgia de las Horas y el Rosario\u2026","rel":"","context":"Entrada similar ","img":{"alt_text":"","src":"","width":0,"height":0},"classes":[]},{"id":136,"url":"https:\/\/www.stanthonysdenver.org\/es\/comunidad\/grupos\/adoracion-eucaristica\/","url_meta":{"origin":126,"position":3},"title":"Adoraci\u00f3n Eucar\u00edstica","date":"8 junio, 2017","format":false,"excerpt":"San Pablo Juan Pablo II dijo: \"S\u00e9 una gu\u00eda de Cristo para nosotros, Mar\u00eda\" (Toronto, 1984). As\u00ed como el Esp\u00edritu Santo llen\u00f3 a Isabel cuando oy\u00f3 el saludo de Mar\u00eda en la Visitaci\u00f3n, nosotros tambi\u00e9n somos llamados a responder a la invitaci\u00f3n de Dios. \"Mi alma proclama la grandeza del\u2026","rel":"","context":"Entrada similar ","img":{"alt_text":"","src":"","width":0,"height":0},"classes":[]},{"id":165,"url":"https:\/\/www.stanthonysdenver.org\/es\/inicio\/inicio\/","url_meta":{"origin":126,"position":4},"title":"Inicio","date":"6 junio, 2017","format":false,"excerpt":"SeptiembreEl oto\u00f1o ya est\u00e1 aqu\u00ed y es hora de prepararse para el pr\u00f3ximo invierno. \u00a0 Bienvenidos a la Iglesia Cat\u00f3lica San Antonio de Padua. Le invitamos a mirar alrededor y tener una idea de nuestra iglesia. Como la primera iglesia, la Iglesia de San Antonio es una comunidad bicultural. En\u2026","rel":"","context":"Entrada similar ","img":{"alt_text":"","src":"https:\/\/i1.wp.com\/www.stanthonysdenver.org\/es\/wp-content\/uploads\/sites\/2\/2022\/09\/September2022-1.jpg?resize=350%2C200&ssl=1","width":350,"height":200},"classes":[]},{"id":132,"url":"https:\/\/www.stanthonysdenver.org\/es\/comunidad\/grupos\/comunicaciones\/","url_meta":{"origin":126,"position":5},"title":"Comunicaciones","date":"8 junio, 2017","format":false,"excerpt":"Oraci\u00f3n a San Gabriel - Patrona de los Trabajadores de la Comunicaci\u00f3n. \"Oh Dios, que de entre todos tus \u00e1ngeles escogiste al Arc\u00e1ngel Gabriel para anunciar el misterio de la Encarnaci\u00f3n, concede misericordiosamente que nosotros que proclamamos el mensaje de tu Evangelio en la tierra, podamos sentir el beneficio de\u2026","rel":"","context":"Entrada similar ","img":{"alt_text":"","src":"","width":0,"height":0},"classes":[]}],"_links":{"self":[{"href":"https:\/\/www.stanthonysdenver.org\/es\/wp-json\/wp\/v2\/pages\/126"}],"collection":[{"href":"https:\/\/www.stanthonysdenver.org\/es\/wp-json\/wp\/v2\/pages"}],"about":[{"href":"https:\/\/www.stanthonysdenver.org\/es\/wp-json\/wp\/v2\/types\/page"}],"author":[{"embeddable":true,"href":"https:\/\/www.stanthonysdenver.org\/es\/wp-json\/wp\/v2\/users\/1"}],"replies":[{"embeddable":true,"href":"https:\/\/www.stanthonysdenver.org\/es\/wp-json\/wp\/v2\/comments?post=126"}],"version-history":[{"count":2,"href":"https:\/\/www.stanthonysdenver.org\/es\/wp-json\/wp\/v2\/pages\/126\/revisions"}],"predecessor-version":[{"id":231,"href":"https:\/\/www.stanthonysdenver.org\/es\/wp-json\/wp\/v2\/pages\/126\/revisions\/231"}],"up":[{"embeddable":true,"href":"https:\/\/www.stanthonysdenver.org\/es\/wp-json\/wp\/v2\/pages\/122"}],"wp:attachment":[{"href":"https:\/\/www.stanthonysdenver.org\/es\/wp-json\/wp\/v2\/media?parent=126"}],"curies":[{"name":"wp","href":"https:\/\/api.w.org\/{rel}","templated":true}]}}