{"id":12,"date":"2017-06-06T17:31:32","date_gmt":"2017-06-06T23:31:32","guid":{"rendered":"http:\/\/www.stanthonysdenver.org\/?page_id=12"},"modified":"2017-06-08T15:57:26","modified_gmt":"2017-06-08T21:57:26","slug":"servidores-de-altar","status":"publish","type":"page","link":"https:\/\/www.stanthonysdenver.org\/es\/comunidad\/ministerios\/servidores-de-altar\/","title":{"rendered":"Servidores de Altar"},"content":{"rendered":"<p><strong>\u00a1Sirva al Se\u00f1or con Alegr\u00eda!<\/strong><\/p>\n<p><em>&#8220;En cuanto a m\u00ed ya mi casa, serviremos al Se\u00f1or.&#8221; &#8220;Josu\u00e9 24:15<\/em><\/p>\n<p>Horario del servidor Altar<\/p>\n<p><strong>\u00bfQu\u00e9 es un servidor Altar?<\/strong><\/p>\n<p>Un servidor de altar es un cat\u00f3lico bautizado que ha hecho su primera comuni\u00f3n y desea servir a Dios en el altar.<\/p>\n<p><strong>Oraciones del servidor de altar<\/strong><\/p>\n<p>\u00a1El enlace anterior le llevar\u00e1 a las oraciones cat\u00f3licas comunes!<\/p>\n<p><strong>\u00bfCu\u00e1ndo se re\u00fanen los servidores?<\/strong><br \/>\nA continuaci\u00f3n se muestra el calendario de servidores de altar<\/p>\n<p>&nbsp;<br \/>\n<iframe loading=\"lazy\" style=\"border: 0;\" src=\"https:\/\/calendar.google.com\/calendar\/embed?src=kiubjo4im2meq0tt8eet8iuui0%40group.calendar.google.com&amp;ctz=America\/Denver\" width=\"100%\" height=\"600\" frameborder=\"0\" scrolling=\"no\"><\/iframe><\/p>\n","protected":false},"excerpt":{"rendered":"<p>\u00a1Sirva al Se\u00f1or con Alegr\u00eda! &#8220;En cuanto a m\u00ed ya mi casa, serviremos al Se\u00f1or.&#8221; &#8220;Josu\u00e9 24:15 Horario del servidor Altar \u00bfQu\u00e9 es un servidor Altar? Un servidor de altar es un cat\u00f3lico bautizado que ha hecho su primera comuni\u00f3n y desea servir a Dios en el altar. Oraciones del servidor de altar \u00a1El enlace &hellip; <\/p>\n<p class=\"link-more\"><a href=\"https:\/\/www.stanthonysdenver.org\/es\/comunidad\/ministerios\/servidores-de-altar\/\" class=\"more-link\">Continuar leyendo<span class=\"screen-reader-text\"> &#8220;Servidores de Altar&#8221;<\/span><\/a><\/p>\n","protected":false},"author":1,"featured_media":100,"parent":205,"menu_order":0,"comment_status":"closed","ping_status":"closed","template":"","meta":{"_mi_skip_tracking":false,"_exactmetrics_sitenote_active":false,"_exactmetrics_sitenote_note":"","_exactmetrics_sitenote_category":0,"ngg_post_thumbnail":0,"spay_email":""},"jetpack_sharing_enabled":true,"jetpack_shortlink":"https:\/\/wp.me\/P8P0id-c","jetpack-related-posts":[{"id":126,"url":"https:\/\/www.stanthonysdenver.org\/es\/comunidad\/grupos\/alar-y-rosario\/","url_meta":{"origin":12,"position":0},"title":"Alar y Rosario","date":"8 junio, 2017","format":false,"excerpt":"\u00bfQu\u00e9 es la Sociedad del Altar y el Rosario? La Sociedad Altar y Rosario es un grupo de voluntarios que ayudan a la iglesia de muchas maneras. Ha sido de servicio a la iglesia de San Antonio de Padua por m\u00e1s de 50 a\u00f1os. \u00bfCu\u00e1ndo se re\u00fane la Sociedad? Las\u2026","rel":"","context":"Entrada similar ","img":{"alt_text":"","src":"","width":0,"height":0},"classes":[]},{"id":136,"url":"https:\/\/www.stanthonysdenver.org\/es\/comunidad\/grupos\/adoracion-eucaristica\/","url_meta":{"origin":12,"position":1},"title":"Adoraci\u00f3n Eucar\u00edstica","date":"8 junio, 2017","format":false,"excerpt":"San Pablo Juan Pablo II dijo: \"S\u00e9 una gu\u00eda de Cristo para nosotros, Mar\u00eda\" (Toronto, 1984). As\u00ed como el Esp\u00edritu Santo llen\u00f3 a Isabel cuando oy\u00f3 el saludo de Mar\u00eda en la Visitaci\u00f3n, nosotros tambi\u00e9n somos llamados a responder a la invitaci\u00f3n de Dios. \"Mi alma proclama la grandeza del\u2026","rel":"","context":"Entrada similar ","img":{"alt_text":"","src":"","width":0,"height":0},"classes":[]},{"id":147,"url":"https:\/\/www.stanthonysdenver.org\/es\/comunidad\/grupos\/respeta-la-vida\/","url_meta":{"origin":12,"position":2},"title":"Respeta la vida","date":"8 junio, 2017","format":false,"excerpt":"Respeta la vida \"Jes\u00fas, Mar\u00eda y Jos\u00e9, te amo mucho. Os ruego que perdon\u00e9is la vida de [el nombre del beb\u00e9] al feto que he adoptado espiritualmente y que est\u00e1 en peligro de abortar \". - Oraci\u00f3n del Arzobispo Fulton J. Sheen Defender a los inocentes Respeto El trabajo de\u2026","rel":"","context":"Entrada similar ","img":{"alt_text":"","src":"","width":0,"height":0},"classes":[]},{"id":144,"url":"https:\/\/www.stanthonysdenver.org\/es\/comunidad\/grupos\/adoracion-nocturna\/","url_meta":{"origin":12,"position":3},"title":"Adoraci\u00f3n  Nocturna","date":"8 junio, 2017","format":false,"excerpt":"Adoraci\u00f3n\u00a0 Nocturna es un grupo que se re\u00fane el primer s\u00e1bado por la noche de cada mes. Las familias vigilan a Nuestro Se\u00f1or hasta la medianoche y luego los hombres celebran una vigilia nocturna. Este grupo tiene una gran devoci\u00f3n a orar la Liturgia de las Horas y el Rosario\u2026","rel":"","context":"Entrada similar ","img":{"alt_text":"","src":"","width":0,"height":0},"classes":[]},{"id":280,"url":"https:\/\/www.stanthonysdenver.org\/es\/comunidad\/ministerios\/ministerio-a-domicilio\/","url_meta":{"origin":12,"position":4},"title":"Ministerio a domicilio","date":"9 junio, 2017","format":false,"excerpt":"\"Ellos responder\u00e1n y dir\u00e1n: 'Se\u00f1or, \u00bfcu\u00e1ndo te vimos hambriento o sediento, o un extra\u00f1o, o desnudo, enfermo o en la c\u00e1rcel, y no servimos a tus necesidades?' \u00c9l les responder\u00e1: 'Am\u00e9n, les digo que lo que ustedes no hicieron por uno de estos m\u00e1s peque\u00f1os, no lo hicieron por m\u00ed'\u2026","rel":"","context":"Entrada similar ","img":{"alt_text":"","src":"","width":0,"height":0},"classes":[]},{"id":164,"url":"https:\/\/www.stanthonysdenver.org\/es\/clero-y-seminaristas\/","url_meta":{"origin":12,"position":5},"title":"Clero y seminaristas","date":"6 junio, 2017","format":false,"excerpt":"Actualmente, nuestra parroquia es atendida por tres sacerdotes y un di\u00e1cono. Ven y con\u00f3celos mejor. Padre Arturo Chagala - Pastor (Esta informaci\u00f3n a\u00fan no ha sido proporcionada). Padre Miljenko Pavkovic - Vicario (Esta informaci\u00f3n a\u00fan no ha sido proporcionada). Padre Pedro Urban - Jubilado Hay dos palabras que el padre\u2026","rel":"","context":"Entrada similar ","img":{"alt_text":"","src":"https:\/\/i0.wp.com\/www.stanthonysdenver.org\/es\/wp-content\/uploads\/sites\/2\/2022\/08\/Arturo-300x300-1.jpg?resize=350%2C200","width":350,"height":200},"classes":[]}],"_links":{"self":[{"href":"https:\/\/www.stanthonysdenver.org\/es\/wp-json\/wp\/v2\/pages\/12"}],"collection":[{"href":"https:\/\/www.stanthonysdenver.org\/es\/wp-json\/wp\/v2\/pages"}],"about":[{"href":"https:\/\/www.stanthonysdenver.org\/es\/wp-json\/wp\/v2\/types\/page"}],"author":[{"embeddable":true,"href":"https:\/\/www.stanthonysdenver.org\/es\/wp-json\/wp\/v2\/users\/1"}],"replies":[{"embeddable":true,"href":"https:\/\/www.stanthonysdenver.org\/es\/wp-json\/wp\/v2\/comments?post=12"}],"version-history":[{"count":4,"href":"https:\/\/www.stanthonysdenver.org\/es\/wp-json\/wp\/v2\/pages\/12\/revisions"}],"predecessor-version":[{"id":204,"href":"https:\/\/www.stanthonysdenver.org\/es\/wp-json\/wp\/v2\/pages\/12\/revisions\/204"}],"up":[{"embeddable":true,"href":"https:\/\/www.stanthonysdenver.org\/es\/wp-json\/wp\/v2\/pages\/205"}],"wp:featuredmedia":[{"embeddable":true,"href":"https:\/\/www.stanthonysdenver.org\/es\/wp-json\/wp\/v2\/media\/100"}],"wp:attachment":[{"href":"https:\/\/www.stanthonysdenver.org\/es\/wp-json\/wp\/v2\/media?parent=12"}],"curies":[{"name":"wp","href":"https:\/\/api.w.org\/{rel}","templated":true}]}}