{"id":113,"date":"2017-06-08T16:15:14","date_gmt":"2017-06-08T16:15:14","guid":{"rendered":"http:\/\/www.stanthonysdenver.org\/?page_id=113"},"modified":"2017-06-08T16:07:49","modified_gmt":"2017-06-08T22:07:49","slug":"comunidad","status":"publish","type":"page","link":"https:\/\/www.stanthonysdenver.org\/es\/comunidad\/","title":{"rendered":"Comunidad"},"content":{"rendered":"<p>Hay muchas maneras de participar en nuestra comunidad, siga los enlaces abajo para encontrar muchas formas diferentes de involucrarse en la gran variedad de ministerios en nuestra parroquia.<\/p>\n<div id=\"ccchildpages-1\" class=\"ccchildpages onecol simple ccclearfix\"><ul class=\"ccchildpages_list ccclearfix\"><li class=\"page_item page-item-106\"><a href=\"https:\/\/www.stanthonysdenver.org\/es\/comunidad\/educacion-religiosa\/\">Educaci\u00f3n religiosa<\/a><\/li>\n<li class=\"page_item page-item-122 page_item_has_children\"><a href=\"https:\/\/www.stanthonysdenver.org\/es\/comunidad\/grupos\/\">Grupos<\/a>\n<ul class='children'>\n\t<li class=\"page_item page-item-126\"><a href=\"https:\/\/www.stanthonysdenver.org\/es\/comunidad\/grupos\/alar-y-rosario\/\">Alar y Rosario<\/a><\/li>\n\t<li class=\"page_item page-item-132\"><a href=\"https:\/\/www.stanthonysdenver.org\/es\/comunidad\/grupos\/comunicaciones\/\">Comunicaciones<\/a><\/li>\n\t<li class=\"page_item page-item-136\"><a href=\"https:\/\/www.stanthonysdenver.org\/es\/comunidad\/grupos\/adoracion-eucaristica\/\">Adoraci\u00f3n Eucar\u00edstica<\/a><\/li>\n\t<li class=\"page_item page-item-140\"><a href=\"https:\/\/www.stanthonysdenver.org\/es\/comunidad\/grupos\/consejo-de-los-caballeros-de-colon-4796\/\">Consejo de los Caballeros de Col\u00f3n 4796<\/a><\/li>\n\t<li class=\"page_item page-item-144\"><a href=\"https:\/\/www.stanthonysdenver.org\/es\/comunidad\/grupos\/adoracion-nocturna\/\">Adoraci\u00f3n  Nocturna<\/a><\/li>\n\t<li class=\"page_item page-item-147\"><a href=\"https:\/\/www.stanthonysdenver.org\/es\/comunidad\/grupos\/respeta-la-vida\/\">Respeta la vida<\/a><\/li>\n<\/ul>\n<\/li>\n<li class=\"page_item page-item-205 page_item_has_children\"><a href=\"https:\/\/www.stanthonysdenver.org\/es\/comunidad\/ministerios\/\">Ministerios<\/a>\n<ul class='children'>\n\t<li class=\"page_item page-item-12\"><a href=\"https:\/\/www.stanthonysdenver.org\/es\/comunidad\/ministerios\/servidores-de-altar\/\">Servidores de Altar<\/a><\/li>\n\t<li class=\"page_item page-item-109\"><a href=\"https:\/\/www.stanthonysdenver.org\/es\/comunidad\/ministerios\/banco-de-alimentos-de-san-antonio\/\">Banco de alimentos de San Antonio<\/a><\/li>\n\t<li class=\"page_item page-item-280\"><a href=\"https:\/\/www.stanthonysdenver.org\/es\/comunidad\/ministerios\/ministerio-a-domicilio\/\">Ministerio a domicilio<\/a><\/li>\n<\/ul>\n<\/li><\/ul><\/div>\n","protected":false},"excerpt":{"rendered":"<p>Hay muchas maneras de participar en nuestra comunidad, siga los enlaces abajo para encontrar muchas formas diferentes de involucrarse en la gran variedad de ministerios en nuestra parroquia.<\/p>\n","protected":false},"author":1,"featured_media":0,"parent":0,"menu_order":0,"comment_status":"closed","ping_status":"closed","template":"","meta":{"_mi_skip_tracking":false,"_exactmetrics_sitenote_active":false,"_exactmetrics_sitenote_note":"","_exactmetrics_sitenote_category":0,"ngg_post_thumbnail":0,"spay_email":""},"jetpack_sharing_enabled":true,"jetpack_shortlink":"https:\/\/wp.me\/P8P0id-1P","jetpack-related-posts":[{"id":280,"url":"https:\/\/www.stanthonysdenver.org\/es\/comunidad\/ministerios\/ministerio-a-domicilio\/","url_meta":{"origin":113,"position":0},"title":"Ministerio a domicilio","date":"9 junio, 2017","format":false,"excerpt":"\"Ellos responder\u00e1n y dir\u00e1n: 'Se\u00f1or, \u00bfcu\u00e1ndo te vimos hambriento o sediento, o un extra\u00f1o, o desnudo, enfermo o en la c\u00e1rcel, y no servimos a tus necesidades?' \u00c9l les responder\u00e1: 'Am\u00e9n, les digo que lo que ustedes no hicieron por uno de estos m\u00e1s peque\u00f1os, no lo hicieron por m\u00ed'\u2026","rel":"","context":"Entrada similar ","img":{"alt_text":"","src":"","width":0,"height":0},"classes":[]},{"id":165,"url":"https:\/\/www.stanthonysdenver.org\/es\/inicio\/inicio\/","url_meta":{"origin":113,"position":1},"title":"Inicio","date":"6 junio, 2017","format":false,"excerpt":"SeptiembreEl oto\u00f1o ya est\u00e1 aqu\u00ed y es hora de prepararse para el pr\u00f3ximo invierno. \u00a0 Bienvenidos a la Iglesia Cat\u00f3lica San Antonio de Padua. Le invitamos a mirar alrededor y tener una idea de nuestra iglesia. Como la primera iglesia, la Iglesia de San Antonio es una comunidad bicultural. En\u2026","rel":"","context":"Entrada similar ","img":{"alt_text":"","src":"https:\/\/i1.wp.com\/www.stanthonysdenver.org\/es\/wp-content\/uploads\/sites\/2\/2022\/09\/September2022-1.jpg?resize=350%2C200&ssl=1","width":350,"height":200},"classes":[]},{"id":147,"url":"https:\/\/www.stanthonysdenver.org\/es\/comunidad\/grupos\/respeta-la-vida\/","url_meta":{"origin":113,"position":2},"title":"Respeta la vida","date":"8 junio, 2017","format":false,"excerpt":"Respeta la vida \"Jes\u00fas, Mar\u00eda y Jos\u00e9, te amo mucho. Os ruego que perdon\u00e9is la vida de [el nombre del beb\u00e9] al feto que he adoptado espiritualmente y que est\u00e1 en peligro de abortar \". - Oraci\u00f3n del Arzobispo Fulton J. Sheen Defender a los inocentes Respeto El trabajo de\u2026","rel":"","context":"Entrada similar ","img":{"alt_text":"","src":"","width":0,"height":0},"classes":[]},{"id":126,"url":"https:\/\/www.stanthonysdenver.org\/es\/comunidad\/grupos\/alar-y-rosario\/","url_meta":{"origin":113,"position":3},"title":"Alar y Rosario","date":"8 junio, 2017","format":false,"excerpt":"\u00bfQu\u00e9 es la Sociedad del Altar y el Rosario? La Sociedad Altar y Rosario es un grupo de voluntarios que ayudan a la iglesia de muchas maneras. Ha sido de servicio a la iglesia de San Antonio de Padua por m\u00e1s de 50 a\u00f1os. \u00bfCu\u00e1ndo se re\u00fane la Sociedad? Las\u2026","rel":"","context":"Entrada similar ","img":{"alt_text":"","src":"","width":0,"height":0},"classes":[]},{"id":132,"url":"https:\/\/www.stanthonysdenver.org\/es\/comunidad\/grupos\/comunicaciones\/","url_meta":{"origin":113,"position":4},"title":"Comunicaciones","date":"8 junio, 2017","format":false,"excerpt":"Oraci\u00f3n a San Gabriel - Patrona de los Trabajadores de la Comunicaci\u00f3n. \"Oh Dios, que de entre todos tus \u00e1ngeles escogiste al Arc\u00e1ngel Gabriel para anunciar el misterio de la Encarnaci\u00f3n, concede misericordiosamente que nosotros que proclamamos el mensaje de tu Evangelio en la tierra, podamos sentir el beneficio de\u2026","rel":"","context":"Entrada similar ","img":{"alt_text":"","src":"","width":0,"height":0},"classes":[]},{"id":122,"url":"https:\/\/www.stanthonysdenver.org\/es\/comunidad\/grupos\/","url_meta":{"origin":113,"position":5},"title":"Grupos","date":"8 junio, 2017","format":false,"excerpt":"\"Somos el Cuerpo de Cristo\" La comunidad est\u00e1 en el coraz\u00f3n de Dios. Como cristianos creemos que Dios es trinitario - Padre, Hijo y Esp\u00edritu Santo, y son las relaciones entre las tres personas de la Sant\u00edsima Trinidad las que nos llaman en relaci\u00f3n mutua. Una de las maneras en\u2026","rel":"","context":"Entrada similar ","img":{"alt_text":"","src":"","width":0,"height":0},"classes":[]}],"_links":{"self":[{"href":"https:\/\/www.stanthonysdenver.org\/es\/wp-json\/wp\/v2\/pages\/113"}],"collection":[{"href":"https:\/\/www.stanthonysdenver.org\/es\/wp-json\/wp\/v2\/pages"}],"about":[{"href":"https:\/\/www.stanthonysdenver.org\/es\/wp-json\/wp\/v2\/types\/page"}],"author":[{"embeddable":true,"href":"https:\/\/www.stanthonysdenver.org\/es\/wp-json\/wp\/v2\/users\/1"}],"replies":[{"embeddable":true,"href":"https:\/\/www.stanthonysdenver.org\/es\/wp-json\/wp\/v2\/comments?post=113"}],"version-history":[{"count":2,"href":"https:\/\/www.stanthonysdenver.org\/es\/wp-json\/wp\/v2\/pages\/113\/revisions"}],"predecessor-version":[{"id":229,"href":"https:\/\/www.stanthonysdenver.org\/es\/wp-json\/wp\/v2\/pages\/113\/revisions\/229"}],"wp:attachment":[{"href":"https:\/\/www.stanthonysdenver.org\/es\/wp-json\/wp\/v2\/media?parent=113"}],"curies":[{"name":"wp","href":"https:\/\/api.w.org\/{rel}","templated":true}]}}