{"id":109,"date":"2017-06-08T16:11:28","date_gmt":"2017-06-08T22:11:28","guid":{"rendered":"http:\/\/www.stanthonysdenver.org\/?page_id=109"},"modified":"2025-10-28T11:14:16","modified_gmt":"2025-10-28T17:14:16","slug":"banco-de-alimentos-de-san-antonio","status":"publish","type":"page","link":"https:\/\/www.stanthonysdenver.org\/es\/comunidad\/ministerios\/banco-de-alimentos-de-san-antonio\/","title":{"rendered":"Banco de alimentos de San Antonio"},"content":{"rendered":"<p>Nuestro Banco de Comida esta abierto en los siguientes dias:<br>Todos los martes de 9:00am &#8211; 11:00 am.<br>Todos los viernes de 9:00am &#8211; 11:00 am.<\/p>\n<p>Traiga consigo un identificacion con foto y comprobante de domicilio.<\/p>\n\n\n<figure class=\"wp-block-image size-large\"><img data-attachment-id=\"1265\" data-permalink=\"https:\/\/www.stanthonysdenver.org\/es\/comunidad\/ministerios\/banco-de-alimentos-de-san-antonio\/st-anthony-of-padua\/\" data-orig-file=\"https:\/\/i0.wp.com\/www.stanthonysdenver.org\/es\/wp-content\/uploads\/sites\/2\/2025\/10\/St.-Anthony-of-Padua.jpg?fit=1545%2C2000&amp;ssl=1\" data-orig-size=\"1545,2000\" data-comments-opened=\"0\" data-image-meta=\"{&quot;aperture&quot;:&quot;0&quot;,&quot;credit&quot;:&quot;&quot;,&quot;camera&quot;:&quot;&quot;,&quot;caption&quot;:&quot;&quot;,&quot;created_timestamp&quot;:&quot;0&quot;,&quot;copyright&quot;:&quot;&quot;,&quot;focal_length&quot;:&quot;0&quot;,&quot;iso&quot;:&quot;0&quot;,&quot;shutter_speed&quot;:&quot;0&quot;,&quot;title&quot;:&quot;&quot;,&quot;orientation&quot;:&quot;1&quot;}\" data-image-title=\"St.-Anthony-of-Padua\" data-image-description=\"\" data-medium-file=\"https:\/\/i0.wp.com\/www.stanthonysdenver.org\/es\/wp-content\/uploads\/sites\/2\/2025\/10\/St.-Anthony-of-Padua.jpg?fit=232%2C300&amp;ssl=1\" data-large-file=\"https:\/\/i0.wp.com\/www.stanthonysdenver.org\/es\/wp-content\/uploads\/sites\/2\/2025\/10\/St.-Anthony-of-Padua.jpg?fit=525%2C680&amp;ssl=1\" loading=\"lazy\" width=\"525\" height=\"680\" src=\"https:\/\/i0.wp.com\/www.stanthonysdenver.org\/es\/wp-content\/uploads\/sites\/2\/2025\/10\/St.-Anthony-of-Padua-791x1024.jpg?resize=525%2C680&#038;ssl=1\" alt=\"\" class=\"wp-image-1265\" srcset=\"https:\/\/i0.wp.com\/www.stanthonysdenver.org\/es\/wp-content\/uploads\/sites\/2\/2025\/10\/St.-Anthony-of-Padua.jpg?resize=791%2C1024&amp;ssl=1 791w, https:\/\/i0.wp.com\/www.stanthonysdenver.org\/es\/wp-content\/uploads\/sites\/2\/2025\/10\/St.-Anthony-of-Padua.jpg?resize=232%2C300&amp;ssl=1 232w, https:\/\/i0.wp.com\/www.stanthonysdenver.org\/es\/wp-content\/uploads\/sites\/2\/2025\/10\/St.-Anthony-of-Padua.jpg?resize=768%2C994&amp;ssl=1 768w, https:\/\/i0.wp.com\/www.stanthonysdenver.org\/es\/wp-content\/uploads\/sites\/2\/2025\/10\/St.-Anthony-of-Padua.jpg?resize=1187%2C1536&amp;ssl=1 1187w, https:\/\/i0.wp.com\/www.stanthonysdenver.org\/es\/wp-content\/uploads\/sites\/2\/2025\/10\/St.-Anthony-of-Padua.jpg?w=1545&amp;ssl=1 1545w, https:\/\/i0.wp.com\/www.stanthonysdenver.org\/es\/wp-content\/uploads\/sites\/2\/2025\/10\/St.-Anthony-of-Padua.jpg?w=1050 1050w\" sizes=\"(max-width: 767px) 89vw, (max-width: 1000px) 54vw, (max-width: 1071px) 543px, 580px\" data-recalc-dims=\"1\" \/><\/figure>\n","protected":false},"excerpt":{"rendered":"<p>Nuestro Banco de Comida esta abierto en los siguientes dias:Todos los martes de 9:00am &#8211; 11:00 am.Todos los viernes de 9:00am &#8211; 11:00 am. Traiga consigo un identificacion con foto y comprobante de domicilio.<\/p>\n","protected":false},"author":1,"featured_media":111,"parent":205,"menu_order":0,"comment_status":"closed","ping_status":"closed","template":"","meta":{"_mi_skip_tracking":false,"_exactmetrics_sitenote_active":false,"_exactmetrics_sitenote_note":"","_exactmetrics_sitenote_category":0,"ngg_post_thumbnail":0,"spay_email":""},"jetpack_sharing_enabled":true,"jetpack_shortlink":"https:\/\/wp.me\/P8P0id-1L","jetpack-related-posts":[{"id":266,"url":"https:\/\/www.stanthonysdenver.org\/es\/blog\/","url_meta":{"origin":109,"position":0},"title":"Anuncios","date":"9 junio, 2017","format":false,"excerpt":"Misas Diarias \u00a0 \u00a0 \u00a0 Lunes - 8:00am (Ingl\u00e9s), 6:00pm (Espa\u00f1ol)\u00a0 \u00a0 Martes - 8:00am (Ingl\u00e9s), 6:00pm (Espa\u00f1ol)Mi\u00e9rcoles - 8:00am (Ingl\u00e9s), 6:00pm (Espa\u00f1ol)\u00a0 \u00a0 \u00a0Jueves - 8:00am (Ingl\u00e9s), 6:00pm (Espa\u00f1ol)\u00a0 \u00a0 Viernes - 8:00am (Ingl\u00e9s), 6:00pm (Espa\u00f1ol) Misas de fin de semana No hay misa el s\u00e1bado por la ma\u00f1ana.S\u00e1bado\u2026","rel":"","context":"Entrada similar ","img":{"alt_text":"","src":"","width":0,"height":0},"classes":[]},{"id":167,"url":"https:\/\/www.stanthonysdenver.org\/es\/contactenos\/","url_meta":{"origin":109,"position":1},"title":"Contactenos","date":"6 junio, 2017","format":false,"excerpt":"La direcci\u00f3n de la parroquia es St Anthony of Padua Catholic Church 3801 W Ohio Avenue Denver, CO 80219 Tel\u00e9fono:\u00a0 303-935-2431 Horas de Oficina Lunes: Cerrado Martes, Miercoles, Jueves y Viernes: 10:00am - 2:30pm Si tiene preguntas generales, puede comunicarse con nosotros por correo electr\u00f3nico a office@stanthonysdenver.org\u00a0 Una copia de\u2026","rel":"","context":"Entrada similar ","img":{"alt_text":"","src":"","width":0,"height":0},"classes":[]},{"id":126,"url":"https:\/\/www.stanthonysdenver.org\/es\/comunidad\/grupos\/alar-y-rosario\/","url_meta":{"origin":109,"position":2},"title":"Alar y Rosario","date":"8 junio, 2017","format":false,"excerpt":"\u00bfQu\u00e9 es la Sociedad del Altar y el Rosario? La Sociedad Altar y Rosario es un grupo de voluntarios que ayudan a la iglesia de muchas maneras. Ha sido de servicio a la iglesia de San Antonio de Padua por m\u00e1s de 50 a\u00f1os. \u00bfCu\u00e1ndo se re\u00fane la Sociedad? Las\u2026","rel":"","context":"Entrada similar ","img":{"alt_text":"","src":"","width":0,"height":0},"classes":[]},{"id":140,"url":"https:\/\/www.stanthonysdenver.org\/es\/comunidad\/grupos\/consejo-de-los-caballeros-de-colon-4796\/","url_meta":{"origin":109,"position":3},"title":"Consejo de los Caballeros de Col\u00f3n 4796","date":"8 junio, 2017","format":false,"excerpt":"Qu\u00e9 Hacemos \u00bfUsted y su familia han visto alguna vez la transmisi\u00f3n de la misa de medianoche del Papa Juan Pablo II en la Bas\u00edlica de San Pedro en Roma en Nochebuena? Bueno, los Caballeros de Col\u00f3n son la organizaci\u00f3n que suscribe los costos de radiodifusi\u00f3n televisiva desde el Vaticano,\u2026","rel":"","context":"Entrada similar ","img":{"alt_text":"","src":"","width":0,"height":0},"classes":[]},{"id":147,"url":"https:\/\/www.stanthonysdenver.org\/es\/comunidad\/grupos\/respeta-la-vida\/","url_meta":{"origin":109,"position":4},"title":"Respeta la vida","date":"8 junio, 2017","format":false,"excerpt":"Respeta la vida \"Jes\u00fas, Mar\u00eda y Jos\u00e9, te amo mucho. Os ruego que perdon\u00e9is la vida de [el nombre del beb\u00e9] al feto que he adoptado espiritualmente y que est\u00e1 en peligro de abortar \". - Oraci\u00f3n del Arzobispo Fulton J. Sheen Defender a los inocentes Respeto El trabajo de\u2026","rel":"","context":"Entrada similar ","img":{"alt_text":"","src":"","width":0,"height":0},"classes":[]},{"id":136,"url":"https:\/\/www.stanthonysdenver.org\/es\/comunidad\/grupos\/adoracion-eucaristica\/","url_meta":{"origin":109,"position":5},"title":"Adoraci\u00f3n Eucar\u00edstica","date":"8 junio, 2017","format":false,"excerpt":"San Pablo Juan Pablo II dijo: \"S\u00e9 una gu\u00eda de Cristo para nosotros, Mar\u00eda\" (Toronto, 1984). As\u00ed como el Esp\u00edritu Santo llen\u00f3 a Isabel cuando oy\u00f3 el saludo de Mar\u00eda en la Visitaci\u00f3n, nosotros tambi\u00e9n somos llamados a responder a la invitaci\u00f3n de Dios. \"Mi alma proclama la grandeza del\u2026","rel":"","context":"Entrada similar ","img":{"alt_text":"","src":"","width":0,"height":0},"classes":[]}],"_links":{"self":[{"href":"https:\/\/www.stanthonysdenver.org\/es\/wp-json\/wp\/v2\/pages\/109"}],"collection":[{"href":"https:\/\/www.stanthonysdenver.org\/es\/wp-json\/wp\/v2\/pages"}],"about":[{"href":"https:\/\/www.stanthonysdenver.org\/es\/wp-json\/wp\/v2\/types\/page"}],"author":[{"embeddable":true,"href":"https:\/\/www.stanthonysdenver.org\/es\/wp-json\/wp\/v2\/users\/1"}],"replies":[{"embeddable":true,"href":"https:\/\/www.stanthonysdenver.org\/es\/wp-json\/wp\/v2\/comments?post=109"}],"version-history":[{"count":3,"href":"https:\/\/www.stanthonysdenver.org\/es\/wp-json\/wp\/v2\/pages\/109\/revisions"}],"predecessor-version":[{"id":1270,"href":"https:\/\/www.stanthonysdenver.org\/es\/wp-json\/wp\/v2\/pages\/109\/revisions\/1270"}],"up":[{"embeddable":true,"href":"https:\/\/www.stanthonysdenver.org\/es\/wp-json\/wp\/v2\/pages\/205"}],"wp:featuredmedia":[{"embeddable":true,"href":"https:\/\/www.stanthonysdenver.org\/es\/wp-json\/wp\/v2\/media\/111"}],"wp:attachment":[{"href":"https:\/\/www.stanthonysdenver.org\/es\/wp-json\/wp\/v2\/media?parent=109"}],"curies":[{"name":"wp","href":"https:\/\/api.w.org\/{rel}","templated":true}]}}